{"id":6732,"date":"2026-01-16T19:02:23","date_gmt":"2026-01-16T19:02:23","guid":{"rendered":"https:\/\/ulloacompany.com\/?page_id=6732"},"modified":"2026-01-16T20:17:51","modified_gmt":"2026-01-16T20:17:51","slug":"terminos-de-uso-de-sms","status":"publish","type":"page","link":"https:\/\/ulloacompany.com\/es\/terminos-de-uso-de-sms\/","title":{"rendered":"T\u00e9rminos de Uso de SMS"},"content":{"rendered":"\t\t<div data-elementor-type=\"wp-page\" data-elementor-id=\"6732\" class=\"elementor elementor-6732\" data-elementor-post-type=\"page\">\n\t\t\t\t\t\t<section class=\"elementor-section elementor-top-section elementor-element elementor-element-37e39e8 elementor-section-full_width elementor-section-height-default elementor-section-height-default\" data-id=\"37e39e8\" data-element_type=\"section\">\n\t\t\t\t\t\t<div class=\"elementor-container elementor-column-gap-no\">\n\t\t\t\t\t<div class=\"elementor-column elementor-col-100 elementor-top-column elementor-element elementor-element-f4d8123\" data-id=\"f4d8123\" data-element_type=\"column\">\n\t\t\t<div class=\"elementor-widget-wrap elementor-element-populated\">\n\t\t\t\t\t\t<div class=\"elementor-element elementor-element-51d949b elementor--h-position-center elementor--v-position-middle elementor-arrows-position-inside elementor-pagination-position-inside elementor-widget elementor-widget-slides\" data-id=\"51d949b\" data-element_type=\"widget\" data-settings=\"{&quot;transition&quot;:&quot;fade&quot;,&quot;navigation&quot;:&quot;both&quot;,&quot;transition_speed&quot;:500}\" data-widget_type=\"slides.default\">\n\t\t\t\t<div class=\"elementor-widget-container\">\n\t\t\t\t\t\t\t\t\t<div class=\"elementor-swiper\">\n\t\t\t\t\t<div class=\"elementor-slides-wrapper elementor-main-swiper swiper\" role=\"region\" aria-roledescription=\"carousel\" aria-label=\"Slides\" dir=\"ltr\" data-animation=\"fadeInUp\">\n\t\t\t\t<div class=\"swiper-wrapper elementor-slides\">\n\t\t\t\t\t\t\t\t\t\t<div class=\"elementor-repeater-item-6e0e306 swiper-slide\" role=\"group\" aria-roledescription=\"slide\"><div class=\"swiper-slide-bg\" role=\"img\" aria-label=\"Business Incorporation\"><\/div><div class=\"elementor-background-overlay\"><\/div><div class=\"swiper-slide-inner\" ><div class=\"swiper-slide-contents\"><div class=\"elementor-slide-heading\">T\u00c9RMINOS DE USO DE MENSAJER\u00cdA DE TEXTO<\/div><\/div><\/div><\/div>\t\t\t\t<\/div>\n\t\t\t\t\t\t\t<\/div>\n\t\t\t\t<\/div>\n\t\t\t\t\t\t\t\t<\/div>\n\t\t\t\t<\/div>\n\t\t\t\t\t<\/div>\n\t\t<\/div>\n\t\t\t\t\t<\/div>\n\t\t<\/section>\n\t\t\t\t<section class=\"elementor-section elementor-top-section elementor-element elementor-element-0f68b4d elementor-section-boxed elementor-section-height-default elementor-section-height-default\" data-id=\"0f68b4d\" data-element_type=\"section\">\n\t\t\t\t\t\t<div class=\"elementor-container elementor-column-gap-default\">\n\t\t\t\t\t<div class=\"elementor-column elementor-col-100 elementor-top-column elementor-element elementor-element-ba20551\" data-id=\"ba20551\" data-element_type=\"column\">\n\t\t\t<div class=\"elementor-widget-wrap elementor-element-populated\">\n\t\t\t\t\t\t<div class=\"elementor-element elementor-element-cbf6e2f elementor-widget elementor-widget-heading\" data-id=\"cbf6e2f\" data-element_type=\"widget\" data-widget_type=\"heading.default\">\n\t\t\t\t<div class=\"elementor-widget-container\">\n\t\t\t\t\t<h1 class=\"elementor-heading-title elementor-size-default\">T\u00c9RMINOS DE USO DE MENSAJER\u00cdA DE TEXTO DE <br> Ulloa &amp; Company P.A.<\/h1>\t\t\t\t<\/div>\n\t\t\t\t<\/div>\n\t\t\t\t\t<\/div>\n\t\t<\/div>\n\t\t\t\t\t<\/div>\n\t\t<\/section>\n\t\t\t\t<section class=\"elementor-section elementor-top-section elementor-element elementor-element-561d0e4 elementor-section-boxed elementor-section-height-default elementor-section-height-default\" data-id=\"561d0e4\" data-element_type=\"section\">\n\t\t\t\t\t\t<div class=\"elementor-container elementor-column-gap-default\">\n\t\t\t\t\t<div class=\"elementor-column elementor-col-100 elementor-top-column elementor-element elementor-element-66e00ff\" data-id=\"66e00ff\" data-element_type=\"column\">\n\t\t\t<div class=\"elementor-widget-wrap elementor-element-populated\">\n\t\t\t\t\t\t<div class=\"elementor-element elementor-element-9f29835 elementor-widget elementor-widget-text-editor\" data-id=\"9f29835\" data-element_type=\"widget\" data-widget_type=\"text-editor.default\">\n\t\t\t\t<div class=\"elementor-widget-container\">\n\t\t\t\t\t\t\t\t\t<p>Al aceptar o utilizar un \u00abServicio de Mensajes de Texto\u00bb (seg\u00fan se define a continuaci\u00f3n) de Ulloa &#038; Company P.A., usted acepta estos T\u00e9rminos y Condiciones.\n  \n  Este acuerdo es entre usted y Ulloa &#038; Company P.A. o una de sus filiales. Todas las referencias a \u00abUlloa &#038; Company P.A.\u00bb, \u00abnosotros\u00bb, \u00abnuestro\u00bb o \u00abnos\u00bb se refieren a Ulloa &#038; Company P.A. Direcci\u00f3n: 14050 SW 84th St, Suite 204, Miami, FL 33183.\n<\/p>\n<h4>DEFINICIONES<\/h4>\n<p>Los t\u00e9rminos \u00abOptar por participar\u00bb, \u00abParticipar\u00bb y \u00abSuscripci\u00f3n\u00bb se refieren a solicitar, unirse, aceptar, inscribirse, registrarse, confirmar, responder o consentir de cualquier otra manera a recibir uno o m\u00e1s mensajes de texto.\n  \n  El \u00abServicio de mensajes de texto\u00bb incluye cualquier acuerdo o situaci\u00f3n en la que enviemos uno o m\u00e1s mensajes a su n\u00famero de tel\u00e9fono m\u00f3vil, incluidos mensajes de texto (como SMS, MMS o protocolos o tecnolog\u00edas posteriores).\n<\/p>\n<h4>CONSENTIMIENTO PARA RECIBIR MENSAJES DE TEXTO<\/h4>\n<p>Al aceptar recibir mensajes de texto de nuestra parte, usted acepta estos T\u00e9rminos y Condiciones de Mensajer\u00eda de Texto, as\u00ed como nuestros t\u00e9rminos y condiciones generales mencionadas en los siguientes enlaces <a href=\"https:\/\/ulloacompany.com\/es\/terminos-de-uso\/\">T\u00e9rminos de uso<\/a> y <a href=\"https:\/\/ulloacompany.com\/es\/politica-de-privacidad\/\">Pol\u00edtica de Privacidad<\/a>, que se incorporan al presente documento por referencia.\n  \n  Al aceptar recibir mensajes de texto, tambi\u00e9n consiente el uso de un registro electr\u00f3nico para documentar su acuerdo. Puede revocar su consentimiento para el uso del registro electr\u00f3nico respondiendo con la palabra STOP.\n<\/p>\n<h4>POL\u00cdTICA DE PRIVACIDAD DEL SERVICIO DE MENSAJES DE TEXTO<\/h4>\n<p>Respetamos su privacidad. Solo utilizamos la informaci\u00f3n que nos proporciona a trav\u00e9s de este servicio para transmitir sus mensajes m\u00f3viles y responderle. Esto incluye, entre otros, compartir informaci\u00f3n con proveedores de plataformas, compa\u00f1\u00edas telef\u00f3nicas y otros proveedores que nos ayudan en la entrega de mensajes m\u00f3viles. La informaci\u00f3n m\u00f3vil no se compartir\u00e1 con terceros ni afiliados con fines de marketing o promoci\u00f3n. Todas las categor\u00edas anteriores excluyen los datos de suscripci\u00f3n y consentimiento del remitente de los mensajes de texto; esta informaci\u00f3n no se compartir\u00e1 con terceros. No obstante, nos reservamos el derecho de divulgar cualquier informaci\u00f3n cuando sea necesario para cumplir con la ley, la normativa o cualquier solicitud gubernamental, para evitar responsabilidades o para proteger nuestros derechos o propiedad. Esta Pol\u00edtica de Privacidad del Servicio de Mensajes de Texto se aplica a su uso del Servicio de Mensajes de Texto y no pretende modificar nuestra \u00abPol\u00edtica de Privacidad\u00bb general, mencionada en la secci\u00f3n anterior e incorporada por referencia, que rige la relaci\u00f3n entre usted y nosotros en otros contextos.\n<\/p>\n<h4>COSTOS DE LOS MENSAJES DE TEXTO<\/h4>\n<p>No cobramos por los mensajes que env\u00edas y recibes a trav\u00e9s de este servicio de mensajer\u00eda de texto. Sin embargo, pueden aplicarse tarifas de mensajes y datos, por lo que, dependiendo de tu plan con tu proveedor de telefon\u00eda m\u00f3vil u otro proveedor correspondiente, este podr\u00eda cobrarte por dichos mensajes. <\/p>\n<h4>FRECUENCIA DE LOS MENSAJES DE TEXTO<\/h4>\n<p>Este servicio de mensajer\u00eda de texto est\u00e1 dise\u00f1ado para la comunicaci\u00f3n directa entre usted y nuestros empleados. Es posible que le enviemos un mensaje inicial con detalles sobre el servicio. Posteriormente, la cantidad de mensajes de texto que reciba variar\u00e1 seg\u00fan c\u00f3mo utilice nuestros servicios y si realiza alguna acci\u00f3n que genere m\u00e1s mensajes de nuestra parte (como, por ejemplo, enviar una solicitud de ayuda). <\/p>\n<h4>CANCELACI\u00d3N DE MENSAJES DE TEXTO<\/h4>\n<p>Si ya no desea recibir mensajes de texto de Ulloa &#038; Company P.A., puede responder a cualquier mensaje con la palabra STOP. Dado que se trata de un servicio de comunicaci\u00f3n directa entre personas, las solicitudes de cancelaci\u00f3n son espec\u00edficas para cada conversaci\u00f3n entre usted y uno de nuestros empleados y su n\u00famero de tel\u00e9fono asociado. Despu\u00e9s de cancelar la suscripci\u00f3n, es posible que le enviemos una confirmaci\u00f3n de la cancelaci\u00f3n por mensaje de texto.\n<\/p>\n<h4>CONT\u00c1CTENOS<\/h4>\n<p>Para obtener asistencia escriba a <strong>info@ulloacompany.com o llame al n\u00famero 305.275.1300 <\/strong><\/p>\t\t\t\t\t\t\t\t<\/div>\n\t\t\t\t<\/div>\n\t\t\t\t\t<\/div>\n\t\t<\/div>\n\t\t\t\t\t<\/div>\n\t\t<\/section>\n\t\t\t\t<section class=\"elementor-section elementor-top-section elementor-element elementor-element-719d5cc elementor-section-full_width elementor-section-height-default elementor-section-height-default\" data-id=\"719d5cc\" data-element_type=\"section\" data-settings=\"{&quot;background_background&quot;:&quot;classic&quot;}\">\n\t\t\t\t\t\t<div class=\"elementor-container elementor-column-gap-default\">\n\t\t\t\t\t<div class=\"elementor-column elementor-col-100 elementor-top-column elementor-element elementor-element-7d0466b\" data-id=\"7d0466b\" data-element_type=\"column\">\n\t\t\t<div class=\"elementor-widget-wrap elementor-element-populated\">\n\t\t\t\t\t\t<div class=\"elementor-element elementor-element-2d9ee04 elementor-widget elementor-widget-heading\" data-id=\"2d9ee04\" data-element_type=\"widget\" data-widget_type=\"heading.default\">\n\t\t\t\t<div class=\"elementor-widget-container\">\n\t\t\t\t\t<h2 class=\"elementor-heading-title elementor-size-default\">\u00a1Nuestro equipo est\u00e1 listo para ayudarlo!\n<\/h2>\t\t\t\t<\/div>\n\t\t\t\t<\/div>\n\t\t\t\t<div class=\"elementor-element elementor-element-d880831 elementor-widget elementor-widget-text-editor\" data-id=\"d880831\" data-element_type=\"widget\" data-widget_type=\"text-editor.default\">\n\t\t\t\t<div class=\"elementor-widget-container\">\n\t\t\t\t\t\t\t\t\t<p>\u00bfTiene preguntas sobre sus impuestos?<\/p>\t\t\t\t\t\t\t\t<\/div>\n\t\t\t\t<\/div>\n\t\t\t\t<div class=\"elementor-element elementor-element-6b12bcc elementor-align-center elementor-widget elementor-widget-button\" data-id=\"6b12bcc\" data-element_type=\"widget\" data-widget_type=\"button.default\">\n\t\t\t\t<div class=\"elementor-widget-container\">\n\t\t\t\t\t\t\t\t\t<div class=\"elementor-button-wrapper\">\n\t\t\t\t\t<a class=\"elementor-button elementor-button-link elementor-size-md\" href=\"\/es\/contacto\/\">\n\t\t\t\t\t\t<span class=\"elementor-button-content-wrapper\">\n\t\t\t\t\t\t\t\t\t<span class=\"elementor-button-text\">\u00a1Ponte en contacto con nosotros!<\/span>\n\t\t\t\t\t<\/span>\n\t\t\t\t\t<\/a>\n\t\t\t\t<\/div>\n\t\t\t\t\t\t\t\t<\/div>\n\t\t\t\t<\/div>\n\t\t\t\t\t<\/div>\n\t\t<\/div>\n\t\t\t\t\t<\/div>\n\t\t<\/section>\n\t\t\t\t<\/div>\n\t\t","protected":false},"excerpt":{"rendered":"<p>T\u00c9RMINOS DE USO DE MENSAJER\u00cdA DE TEXTO T\u00c9RMINOS DE USO DE MENSAJER\u00cdA DE TEXTO DE Ulloa &amp; Company P.A. Al aceptar o utilizar un \u00abServicio de Mensajes de Texto\u00bb (seg\u00fan se define a continuaci\u00f3n) de Ulloa &#038; Company P.A., usted&#8230;<\/p>\n","protected":false},"author":1,"featured_media":4189,"parent":0,"menu_order":0,"comment_status":"closed","ping_status":"closed","template":"","meta":{"footnotes":""},"class_list":["post-6732","page","type-page","status-publish","has-post-thumbnail","hentry"],"yoast_head":"<!-- This site is optimized with the Yoast SEO plugin v27.4 - https:\/\/yoast.com\/product\/yoast-seo-wordpress\/ -->\n<title>T\u00e9rminos de Uso de SMS - Ulloa &amp; Company PA<\/title>\n<meta name=\"robots\" content=\"index, follow, max-snippet:-1, max-image-preview:large, max-video-preview:-1\" \/>\n<link rel=\"canonical\" href=\"https:\/\/ulloacompany.com\/es\/terminos-de-uso-de-sms\/\" \/>\n<meta property=\"og:locale\" content=\"es_ES\" \/>\n<meta property=\"og:type\" content=\"article\" \/>\n<meta property=\"og:title\" content=\"T\u00e9rminos de Uso de SMS - Ulloa &amp; Company PA\" \/>\n<meta property=\"og:description\" content=\"T\u00c9RMINOS DE USO DE MENSAJER\u00cdA DE TEXTO T\u00c9RMINOS DE USO DE MENSAJER\u00cdA DE TEXTO DE Ulloa &amp; Company P.A. Al aceptar o utilizar un \u00abServicio de Mensajes de Texto\u00bb (seg\u00fan se define a continuaci\u00f3n) de Ulloa &#038; Company P.A., usted...\" \/>\n<meta property=\"og:url\" content=\"https:\/\/ulloacompany.com\/es\/terminos-de-uso-de-sms\/\" \/>\n<meta property=\"og:site_name\" content=\"Ulloa &amp; Company PA\" \/>\n<meta property=\"article:modified_time\" content=\"2026-01-16T20:17:51+00:00\" \/>\n<meta property=\"og:image\" content=\"https:\/\/ulloacompany.com\/wp-content\/uploads\/2021\/06\/2-scaled.jpg\" \/>\n\t<meta property=\"og:image:width\" content=\"2560\" \/>\n\t<meta property=\"og:image:height\" content=\"1709\" \/>\n\t<meta property=\"og:image:type\" content=\"image\/jpeg\" \/>\n<meta name=\"twitter:card\" content=\"summary_large_image\" \/>\n<meta name=\"twitter:label1\" content=\"Tiempo de lectura\" \/>\n\t<meta name=\"twitter:data1\" content=\"1 minuto\" \/>\n<script type=\"application\/ld+json\" class=\"yoast-schema-graph\">{\"@context\":\"https:\\\/\\\/schema.org\",\"@graph\":[{\"@type\":\"WebPage\",\"@id\":\"https:\\\/\\\/ulloacompany.com\\\/es\\\/terminos-de-uso-de-sms\\\/\",\"url\":\"https:\\\/\\\/ulloacompany.com\\\/es\\\/terminos-de-uso-de-sms\\\/\",\"name\":\"T\u00e9rminos de Uso de SMS - Ulloa &amp; Company PA\",\"isPartOf\":{\"@id\":\"https:\\\/\\\/ulloacompany.com\\\/es\\\/#website\"},\"primaryImageOfPage\":{\"@id\":\"https:\\\/\\\/ulloacompany.com\\\/es\\\/terminos-de-uso-de-sms\\\/#primaryimage\"},\"image\":{\"@id\":\"https:\\\/\\\/ulloacompany.com\\\/es\\\/terminos-de-uso-de-sms\\\/#primaryimage\"},\"thumbnailUrl\":\"https:\\\/\\\/ulloacompany.com\\\/wp-content\\\/uploads\\\/2021\\\/06\\\/2-scaled.jpg\",\"datePublished\":\"2026-01-16T19:02:23+00:00\",\"dateModified\":\"2026-01-16T20:17:51+00:00\",\"breadcrumb\":{\"@id\":\"https:\\\/\\\/ulloacompany.com\\\/es\\\/terminos-de-uso-de-sms\\\/#breadcrumb\"},\"inLanguage\":\"es\",\"potentialAction\":[{\"@type\":\"ReadAction\",\"target\":[\"https:\\\/\\\/ulloacompany.com\\\/es\\\/terminos-de-uso-de-sms\\\/\"]}]},{\"@type\":\"ImageObject\",\"inLanguage\":\"es\",\"@id\":\"https:\\\/\\\/ulloacompany.com\\\/es\\\/terminos-de-uso-de-sms\\\/#primaryimage\",\"url\":\"https:\\\/\\\/ulloacompany.com\\\/wp-content\\\/uploads\\\/2021\\\/06\\\/2-scaled.jpg\",\"contentUrl\":\"https:\\\/\\\/ulloacompany.com\\\/wp-content\\\/uploads\\\/2021\\\/06\\\/2-scaled.jpg\",\"width\":2560,\"height\":1709},{\"@type\":\"BreadcrumbList\",\"@id\":\"https:\\\/\\\/ulloacompany.com\\\/es\\\/terminos-de-uso-de-sms\\\/#breadcrumb\",\"itemListElement\":[{\"@type\":\"ListItem\",\"position\":1,\"name\":\"Home\",\"item\":\"https:\\\/\\\/ulloacompany.com\\\/es\\\/\"},{\"@type\":\"ListItem\",\"position\":2,\"name\":\"T\u00e9rminos de Uso de SMS\"}]},{\"@type\":\"WebSite\",\"@id\":\"https:\\\/\\\/ulloacompany.com\\\/es\\\/#website\",\"url\":\"https:\\\/\\\/ulloacompany.com\\\/es\\\/\",\"name\":\"Ulloa &amp; Company PA\",\"description\":\"Accounting &amp; Tax Services\",\"potentialAction\":[{\"@type\":\"SearchAction\",\"target\":{\"@type\":\"EntryPoint\",\"urlTemplate\":\"https:\\\/\\\/ulloacompany.com\\\/es\\\/?s={search_term_string}\"},\"query-input\":{\"@type\":\"PropertyValueSpecification\",\"valueRequired\":true,\"valueName\":\"search_term_string\"}}],\"inLanguage\":\"es\"}]}<\/script>\n<!-- \/ Yoast SEO plugin. -->","yoast_head_json":{"title":"T\u00e9rminos de Uso de SMS - Ulloa &amp; Company PA","robots":{"index":"index","follow":"follow","max-snippet":"max-snippet:-1","max-image-preview":"max-image-preview:large","max-video-preview":"max-video-preview:-1"},"canonical":"https:\/\/ulloacompany.com\/es\/terminos-de-uso-de-sms\/","og_locale":"es_ES","og_type":"article","og_title":"T\u00e9rminos de Uso de SMS - Ulloa &amp; Company PA","og_description":"T\u00c9RMINOS DE USO DE MENSAJER\u00cdA DE TEXTO T\u00c9RMINOS DE USO DE MENSAJER\u00cdA DE TEXTO DE Ulloa &amp; Company P.A. Al aceptar o utilizar un \u00abServicio de Mensajes de Texto\u00bb (seg\u00fan se define a continuaci\u00f3n) de Ulloa &#038; Company P.A., usted...","og_url":"https:\/\/ulloacompany.com\/es\/terminos-de-uso-de-sms\/","og_site_name":"Ulloa &amp; Company PA","article_modified_time":"2026-01-16T20:17:51+00:00","og_image":[{"width":2560,"height":1709,"url":"https:\/\/ulloacompany.com\/wp-content\/uploads\/2021\/06\/2-scaled.jpg","type":"image\/jpeg"}],"twitter_card":"summary_large_image","twitter_misc":{"Tiempo de lectura":"1 minuto"},"schema":{"@context":"https:\/\/schema.org","@graph":[{"@type":"WebPage","@id":"https:\/\/ulloacompany.com\/es\/terminos-de-uso-de-sms\/","url":"https:\/\/ulloacompany.com\/es\/terminos-de-uso-de-sms\/","name":"T\u00e9rminos de Uso de SMS - Ulloa &amp; Company PA","isPartOf":{"@id":"https:\/\/ulloacompany.com\/es\/#website"},"primaryImageOfPage":{"@id":"https:\/\/ulloacompany.com\/es\/terminos-de-uso-de-sms\/#primaryimage"},"image":{"@id":"https:\/\/ulloacompany.com\/es\/terminos-de-uso-de-sms\/#primaryimage"},"thumbnailUrl":"https:\/\/ulloacompany.com\/wp-content\/uploads\/2021\/06\/2-scaled.jpg","datePublished":"2026-01-16T19:02:23+00:00","dateModified":"2026-01-16T20:17:51+00:00","breadcrumb":{"@id":"https:\/\/ulloacompany.com\/es\/terminos-de-uso-de-sms\/#breadcrumb"},"inLanguage":"es","potentialAction":[{"@type":"ReadAction","target":["https:\/\/ulloacompany.com\/es\/terminos-de-uso-de-sms\/"]}]},{"@type":"ImageObject","inLanguage":"es","@id":"https:\/\/ulloacompany.com\/es\/terminos-de-uso-de-sms\/#primaryimage","url":"https:\/\/ulloacompany.com\/wp-content\/uploads\/2021\/06\/2-scaled.jpg","contentUrl":"https:\/\/ulloacompany.com\/wp-content\/uploads\/2021\/06\/2-scaled.jpg","width":2560,"height":1709},{"@type":"BreadcrumbList","@id":"https:\/\/ulloacompany.com\/es\/terminos-de-uso-de-sms\/#breadcrumb","itemListElement":[{"@type":"ListItem","position":1,"name":"Home","item":"https:\/\/ulloacompany.com\/es\/"},{"@type":"ListItem","position":2,"name":"T\u00e9rminos de Uso de SMS"}]},{"@type":"WebSite","@id":"https:\/\/ulloacompany.com\/es\/#website","url":"https:\/\/ulloacompany.com\/es\/","name":"Ulloa &amp; Company PA","description":"Accounting &amp; Tax Services","potentialAction":[{"@type":"SearchAction","target":{"@type":"EntryPoint","urlTemplate":"https:\/\/ulloacompany.com\/es\/?s={search_term_string}"},"query-input":{"@type":"PropertyValueSpecification","valueRequired":true,"valueName":"search_term_string"}}],"inLanguage":"es"}]}},"post_mailing_queue_ids":[],"_links":{"self":[{"href":"https:\/\/ulloacompany.com\/es\/wp-json\/wp\/v2\/pages\/6732","targetHints":{"allow":["GET"]}}],"collection":[{"href":"https:\/\/ulloacompany.com\/es\/wp-json\/wp\/v2\/pages"}],"about":[{"href":"https:\/\/ulloacompany.com\/es\/wp-json\/wp\/v2\/types\/page"}],"author":[{"embeddable":true,"href":"https:\/\/ulloacompany.com\/es\/wp-json\/wp\/v2\/users\/1"}],"replies":[{"embeddable":true,"href":"https:\/\/ulloacompany.com\/es\/wp-json\/wp\/v2\/comments?post=6732"}],"version-history":[{"count":14,"href":"https:\/\/ulloacompany.com\/es\/wp-json\/wp\/v2\/pages\/6732\/revisions"}],"predecessor-version":[{"id":6751,"href":"https:\/\/ulloacompany.com\/es\/wp-json\/wp\/v2\/pages\/6732\/revisions\/6751"}],"wp:featuredmedia":[{"embeddable":true,"href":"https:\/\/ulloacompany.com\/es\/wp-json\/wp\/v2\/media\/4189"}],"wp:attachment":[{"href":"https:\/\/ulloacompany.com\/es\/wp-json\/wp\/v2\/media?parent=6732"}],"curies":[{"name":"wp","href":"https:\/\/api.w.org\/{rel}","templated":true}]}}