{"id":5349,"date":"2022-01-07T05:42:41","date_gmt":"2022-01-07T05:42:41","guid":{"rendered":"https:\/\/ulloacompany.com\/client-portal\/"},"modified":"2026-01-16T20:34:20","modified_gmt":"2026-01-16T20:34:20","slug":"portal-seguro","status":"publish","type":"page","link":"https:\/\/ulloacompany.com\/es\/portal-seguro\/","title":{"rendered":"Portal Seguro para Clientes"},"content":{"rendered":"<div class=\"wpb-content-wrapper\">\t\t<div data-elementor-type=\"wp-page\" data-elementor-id=\"5349\" class=\"elementor elementor-5349\" data-elementor-post-type=\"page\">\n\t\t\t\t\t\t<section class=\"elementor-section elementor-top-section elementor-element elementor-element-37e39e8 elementor-section-full_width elementor-section-height-default elementor-section-height-default\" data-id=\"37e39e8\" data-element_type=\"section\">\n\t\t\t\t\t\t<div class=\"elementor-container elementor-column-gap-no\">\n\t\t\t\t\t<div class=\"elementor-column elementor-col-100 elementor-top-column elementor-element elementor-element-f4d8123\" data-id=\"f4d8123\" data-element_type=\"column\">\n\t\t\t<div class=\"elementor-widget-wrap\">\n\t\t\t\t\t\t\t<\/div>\n\t\t<\/div>\n\t\t\t\t\t<\/div>\n\t\t<\/section>\n\t\t\t\t<section class=\"elementor-section elementor-top-section elementor-element elementor-element-0f68b4d elementor-section-boxed elementor-section-height-default elementor-section-height-default\" data-id=\"0f68b4d\" data-element_type=\"section\">\n\t\t\t\t\t\t<div class=\"elementor-container elementor-column-gap-default\">\n\t\t\t\t\t<div class=\"elementor-column elementor-col-100 elementor-top-column elementor-element elementor-element-ba20551\" data-id=\"ba20551\" data-element_type=\"column\">\n\t\t\t<div class=\"elementor-widget-wrap elementor-element-populated\">\n\t\t\t\t\t\t<div class=\"elementor-element elementor-element-51d949b elementor--h-position-center elementor--v-position-middle elementor-arrows-position-inside elementor-pagination-position-inside elementor-widget elementor-widget-slides\" data-id=\"51d949b\" data-element_type=\"widget\" data-settings=\"{&quot;transition&quot;:&quot;fade&quot;,&quot;navigation&quot;:&quot;both&quot;,&quot;transition_speed&quot;:500}\" data-widget_type=\"slides.default\">\n\t\t\t\t<div class=\"elementor-widget-container\">\n\t\t\t\t\t\t\t\t\t<div class=\"elementor-swiper\">\n\t\t\t\t\t<div class=\"elementor-slides-wrapper elementor-main-swiper swiper\" role=\"region\" aria-roledescription=\"carousel\" aria-label=\"Slides\" dir=\"ltr\" data-animation=\"fadeInUp\">\n\t\t\t\t<div class=\"swiper-wrapper elementor-slides\">\n\t\t\t\t\t\t\t\t\t\t<div class=\"elementor-repeater-item-6e0e306 swiper-slide\" role=\"group\" aria-roledescription=\"slide\"><div class=\"swiper-slide-bg\" role=\"img\" aria-label=\"File Sharing Secure\"><\/div><div class=\"elementor-background-overlay\"><\/div><div class=\"swiper-slide-inner\" ><div class=\"swiper-slide-contents\"><div class=\"elementor-slide-heading\">Portal Seguro<\/div><\/div><\/div><\/div>\t\t\t\t<\/div>\n\t\t\t\t\t\t\t<\/div>\n\t\t\t\t<\/div>\n\t\t\t\t\t\t\t\t<\/div>\n\t\t\t\t<\/div>\n\t\t\t\t<div class=\"elementor-element elementor-element-cbf6e2f elementor-widget elementor-widget-heading\" data-id=\"cbf6e2f\" data-element_type=\"widget\" data-widget_type=\"heading.default\">\n\t\t\t\t<div class=\"elementor-widget-container\">\n\t\t\t\t\t<h1 class=\"elementor-heading-title elementor-size-default\">Portal Seguro para Clientes<\/h1>\t\t\t\t<\/div>\n\t\t\t\t<\/div>\n\t\t\t\t\t<\/div>\n\t\t<\/div>\n\t\t\t\t\t<\/div>\n\t\t<\/section>\n\t\t\t\t<section class=\"elementor-section elementor-top-section elementor-element elementor-element-25a58b3 elementor-section-boxed elementor-section-height-default elementor-section-height-default\" data-id=\"25a58b3\" data-element_type=\"section\">\n\t\t\t\t\t\t<div class=\"elementor-container elementor-column-gap-default\">\n\t\t\t\t\t<div class=\"elementor-column elementor-col-100 elementor-top-column elementor-element elementor-element-356d5db\" data-id=\"356d5db\" data-element_type=\"column\">\n\t\t\t<div class=\"elementor-widget-wrap elementor-element-populated\">\n\t\t\t\t\t\t<div class=\"elementor-element elementor-element-c99ce76 elementor-widget elementor-widget-heading\" data-id=\"c99ce76\" data-element_type=\"widget\" data-widget_type=\"heading.default\">\n\t\t\t\t<div class=\"elementor-widget-container\">\n\t\t\t\t\t<h3 class=\"elementor-heading-title elementor-size-default\">Obtenga acceso r\u00e1pido a su cuenta.<\/h3>\t\t\t\t<\/div>\n\t\t\t\t<\/div>\n\t\t\t\t<div class=\"elementor-element elementor-element-2f0e747 elementor-widget elementor-widget-text-editor\" data-id=\"2f0e747\" data-element_type=\"widget\" data-widget_type=\"text-editor.default\">\n\t\t\t\t<div class=\"elementor-widget-container\">\n\t\t\t\t\t\t\t\t\t<p>Hoy le ofrecemos una forma f\u00e1cil, segura y r\u00e1pida de compartir sus documentos de impuestos fiscales con nosotros.<\/p>\t\t\t\t\t\t\t\t<\/div>\n\t\t\t\t<\/div>\n\t\t\t\t\t<\/div>\n\t\t<\/div>\n\t\t\t\t\t<\/div>\n\t\t<\/section>\n\t\t\t\t<section class=\"elementor-section elementor-top-section elementor-element elementor-element-c6d985c elementor-section-boxed elementor-section-height-default elementor-section-height-default\" data-id=\"c6d985c\" data-element_type=\"section\">\n\t\t\t\t\t\t<div class=\"elementor-container elementor-column-gap-default\">\n\t\t\t\t\t<div class=\"elementor-column elementor-col-100 elementor-top-column elementor-element elementor-element-d638237\" data-id=\"d638237\" data-element_type=\"column\">\n\t\t\t<div class=\"elementor-widget-wrap elementor-element-populated\">\n\t\t\t\t\t\t<div class=\"elementor-element elementor-element-0d64c63 elementor-align-center elementor-widget elementor-widget-button\" data-id=\"0d64c63\" data-element_type=\"widget\" data-widget_type=\"button.default\">\n\t\t\t\t<div class=\"elementor-widget-container\">\n\t\t\t\t\t\t\t\t\t<div class=\"elementor-button-wrapper\">\n\t\t\t\t\t<a class=\"elementor-button elementor-button-link elementor-size-lg\" href=\"https:\/\/ulloacompany.clientportal.com\/\">\n\t\t\t\t\t\t<span class=\"elementor-button-content-wrapper\">\n\t\t\t\t\t\t\t\t\t<span class=\"elementor-button-text\">Presione Aqui <\/span>\n\t\t\t\t\t<\/span>\n\t\t\t\t\t<\/a>\n\t\t\t\t<\/div>\n\t\t\t\t\t\t\t\t<\/div>\n\t\t\t\t<\/div>\n\t\t\t\t\t<\/div>\n\t\t<\/div>\n\t\t\t\t\t<\/div>\n\t\t<\/section>\n\t\t\t\t<section class=\"elementor-section elementor-top-section elementor-element elementor-element-7b26085 elementor-section-boxed elementor-section-height-default elementor-section-height-default\" data-id=\"7b26085\" data-element_type=\"section\">\n\t\t\t\t\t\t<div class=\"elementor-container elementor-column-gap-default\">\n\t\t\t\t\t<div class=\"elementor-column elementor-col-100 elementor-top-column elementor-element elementor-element-aa5383a\" data-id=\"aa5383a\" data-element_type=\"column\">\n\t\t\t<div class=\"elementor-widget-wrap elementor-element-populated\">\n\t\t\t\t\t\t<div class=\"elementor-element elementor-element-3755dc3 elementor-widget elementor-widget-heading\" data-id=\"3755dc3\" data-element_type=\"widget\" data-widget_type=\"heading.default\">\n\t\t\t\t<div class=\"elementor-widget-container\">\n\t\t\t\t\t<h2 class=\"elementor-heading-title elementor-size-default\">\u00bfNecesita acceder a nuestro nuevo portal?<\/h2>\t\t\t\t<\/div>\n\t\t\t\t<\/div>\n\t\t\t\t<div class=\"elementor-element elementor-element-e4e66eb elementor-widget elementor-widget-text-editor\" data-id=\"e4e66eb\" data-element_type=\"widget\" data-widget_type=\"text-editor.default\">\n\t\t\t\t<div class=\"elementor-widget-container\">\n\t\t\t\t\t\t\t\t\t<p>Env\u00edenos un correo electr\u00f3nico utilizando el formulario a continuaci\u00f3n.<\/p>\t\t\t\t\t\t\t\t<\/div>\n\t\t\t\t<\/div>\n\t\t\t\t<div class=\"elementor-element elementor-element-4c136c2 elementor-widget elementor-widget-text-editor\" data-id=\"4c136c2\" data-element_type=\"widget\" data-widget_type=\"text-editor.default\">\n\t\t\t\t<div class=\"elementor-widget-container\">\n\t\t\t\t\t\t\t\t\t[vc_section section_type=\u00bbcontacts\u00bb contacts_type=\u00bb4&#8243; bg_class=\u00bbbg-lightgrey\u00bb parallax_image_attachment=\u00bbinherit\u00bb][vc_row][vc_column]<div class=\"no-vc\">\n<div class=\"row\">\n\n\n\t<div class=\"col-lg-5\">\n\t\t<div class=\"contact-boxes\">\n\n\t\t\t\t\t\t\t\t\t\t\t\t<div class=\"contact-box icon-xs clearfix mb-25\">\n\n\t\t\t\t\t\t<!-- Icon -->\t\n\t\t\t\t\t\t<div class=\"contact-box-icon\"><span class=\"flaticon-240-placeholder\"><\/span><\/div>\n\n\t\t\t\t\t\t<!-- Text -->\n\t\t\t\t\t\t<div class=\"contact-box-txt\">\n\t\t\t\t\t\t\t<h5 class=\"h5-sm deepblue-color\">\n\t\t\t\t\t\t\t\t14050 SW 84th St Ste 204\t\t\t\t\t\t\t\t\t\n\t\t\t\t\t\t\t\t<\/h5>\n\t\t\t\t\t\t\t<h5 class=\"h5-xs deepblue-color\">\n\t\t\t\t\t\t\t\t\t\n\t\t\t\t\t\t\t\tMiami, FL 33183\t\n\t\t\t\t\t\t\t\t\t\t\t\t\t\t\t\t\n\t\t\t\t\t\t\t<\/h5>\t\t\t\t\t\t\t\t\t\n\t\t\t\t\t\t\t<p class=\"grey-color\">Direcci\u00f3n<\/p>\n\t\t\t\t\t\t<\/div>\n\n\t\t\t\t\t<\/div>\n\t\t\t\t\t\t\t\t\t<div class=\"contact-box icon-xs clearfix mb-25\">\n\n\t\t\t\t\t\t<!-- Icon -->\t\n\t\t\t\t\t\t<div class=\"contact-box-icon\"><span class=\"flaticon-172-telephone-1\"><\/span><\/div>\n\n\t\t\t\t\t\t<!-- Text -->\n\t\t\t\t\t\t<div class=\"contact-box-txt\">\n\t\t\t\t\t\t\t<h5 class=\"h5-sm deepblue-color\">\n\t\t\t\t\t\t\t\tTel\u00e9fono : (305) 275-1300\t\t\t\t\t\t\t\t\t\n\t\t\t\t\t\t\t\t<\/h5>\n\t\t\t\t\t\t\t<h5 class=\"h5-xs deepblue-color\">\n\t\t\t\t\t\t\t\t\t\n\t\t\t\t\t\t\t\tFax : (305) 275-1301\t\n\t\t\t\t\t\t\t\t\t\t\t\t\t\t\t\t\n\t\t\t\t\t\t\t<\/h5>\t\t\t\t\t\t\t\t\t\n\t\t\t\t\t\t\t<p class=\"grey-color\">Ll\u00e1menos<\/p>\n\t\t\t\t\t\t<\/div>\n\n\t\t\t\t\t<\/div>\n\t\t\t\t\t\t\t\t\t<div class=\"contact-box icon-xs clearfix mb-25\">\n\n\t\t\t\t\t\t<!-- Icon -->\t\n\t\t\t\t\t\t<div class=\"contact-box-icon\"><span class=\"flaticon-358-wall-clock-1\"><\/span><\/div>\n\n\t\t\t\t\t\t<!-- Text -->\n\t\t\t\t\t\t<div class=\"contact-box-txt\">\n\t\t\t\t\t\t\t<h5 class=\"h5-sm deepblue-color\">\n\t\t\t\t\t\t\t\tLun &#8211; Vie: 9AM\u20138PM\t\t\t\t\t\t\t\t\t\n\t\t\t\t\t\t\t\t<\/h5>\n\t\t\t\t\t\t\t<h5 class=\"h5-xs deepblue-color\">\n\t\t\t\t\t\t\t\t\t\n\t\t\t\t\t\t\t\tSab: 10AM\u20135PM\t\n\t\t\t\t\t\t\t\t\t\t\t\t\t\t\t\t\n\t\t\t\t\t\t\t<\/h5>\t\t\t\t\t\t\t\t\t\n\t\t\t\t\t\t\t<p class=\"grey-color\">Dom: Solo por Citas<\/p>\n\t\t\t\t\t\t<\/div>\n\n\t\t\t\t\t<\/div>\n\t\t\t\t\t\t\t\t\t<div class=\"contact-box icon-xs clearfix mb-25\">\n\n\t\t\t\t\t\t<!-- Icon -->\t\n\t\t\t\t\t\t<div class=\"contact-box-icon\"><span class=\"flaticon-235-mail\"><\/span><\/div>\n\n\t\t\t\t\t\t<!-- Text -->\n\t\t\t\t\t\t<div class=\"contact-box-txt\">\n\t\t\t\t\t\t\t<h5 class=\"h5-sm deepblue-color\">\n\t\t\t\t\t\t\t\tEmail\t\t\t\t\t\t\t\t\t\n\t\t\t\t\t\t\t\t<\/h5>\n\t\t\t\t\t\t\t<h5 class=\"h5-xs deepblue-color\">\n\t\t\t\t\t\t\t\t\t\n\t\t\t\t\t\t\t\t info@ulloacompany.com\t\n\t\t\t\t\t\t\t\t\t\t\t\t\t\t\t\t\n\t\t\t\t\t\t\t<\/h5>\t\t\t\t\t\t\t\t\t\n\t\t\t\t\t\t\t<p class=\"grey-color\">Escr\u00edbanos<\/p>\n\t\t\t\t\t\t<\/div>\n\n\t\t\t\t\t<\/div>\n\t\t\t\t\t\t\t\n\t<\/div>\n<\/div>\n\n\n\t\n<div class=\"col-lg-7\">\n\t\n<div class=\"wpcf7 no-js\" id=\"wpcf7-f6479-o1\" lang=\"en-US\" dir=\"ltr\" data-wpcf7-id=\"6479\">\n<div class=\"screen-reader-response\"><p role=\"status\" aria-live=\"polite\" aria-atomic=\"true\"><\/p> <ul><\/ul><\/div>\n<form action=\"\/es\/wp-json\/wp\/v2\/pages\/5349#wpcf7-f6479-o1\" method=\"post\" class=\"wpcf7-form init\" aria-label=\"Contact form\" novalidate=\"novalidate\" data-status=\"init\">\n<fieldset class=\"hidden-fields-container\"><input type=\"hidden\" name=\"_wpcf7\" value=\"6479\" \/><input type=\"hidden\" name=\"_wpcf7_version\" value=\"6.1.4\" \/><input type=\"hidden\" name=\"_wpcf7_locale\" value=\"en_US\" \/><input type=\"hidden\" name=\"_wpcf7_unit_tag\" value=\"wpcf7-f6479-o1\" \/><input type=\"hidden\" name=\"_wpcf7_container_post\" value=\"0\" \/><input type=\"hidden\" name=\"_wpcf7_posted_data_hash\" value=\"\" \/><input type=\"hidden\" name=\"_wpcf7_recaptcha_response\" value=\"\" \/>\n<\/fieldset>\n<div class=\"form-holder\">\n\t<div class=\"row contact-form\">\n\t\t<div id=\"input-name\" class=\"col-lg-12\">\n\t\t\t<p><span class=\"wpcf7-form-control-wrap\" data-name=\"your-name\"><input size=\"40\" maxlength=\"400\" class=\"wpcf7-form-control wpcf7-text wpcf7-validates-as-required form-control name\" aria-required=\"true\" aria-invalid=\"false\" placeholder=\"Nombre Completo*\" value=\"\" type=\"text\" name=\"your-name\" \/><\/span>\n\t\t\t<\/p>\n\t\t<\/div>\n\t\t<div id=\"input-email\" class=\"col-lg-12\">\n\t\t\t<p><span class=\"wpcf7-form-control-wrap\" data-name=\"your-email\"><input size=\"40\" maxlength=\"400\" class=\"wpcf7-form-control wpcf7-email wpcf7-validates-as-required wpcf7-text wpcf7-validates-as-email form-control email\" aria-required=\"true\" aria-invalid=\"false\" placeholder=\"Correo electr\u00f3nico*\" value=\"\" type=\"email\" name=\"your-email\" \/><\/span>\n\t\t\t<\/p>\n\t\t<\/div>\n\t\t<div id=\"input-email\" class=\"col-lg-12\">\n\t\t\t<p><span class=\"wpcf7-form-control-wrap\" data-name=\"your-phone\"><input size=\"40\" maxlength=\"400\" class=\"wpcf7-form-control wpcf7-text wpcf7-validates-as-required form-control email\" aria-required=\"true\" aria-invalid=\"false\" placeholder=\"Tel\u00e9fono*\" value=\"\" type=\"text\" name=\"your-phone\" \/><\/span>\n\t\t\t<\/p>\n\t\t<\/div>\n\t\t<div id=\"input-subject\" class=\"col-lg-12 input-subject\">\n\t\t\t<p><span class=\"wpcf7-form-control-wrap your-menu\"><select class=\"wpcf7-form-control wpcf7-select wpcf7-validates-as-required custom-select subject\" id=\"inlineFormCustomSelect2\" name=\"your-menu\"><option value=\"Enlace para portal seguro\">Enlace para portal seguro<\/option><\/select><\/span>\n\t\t\t<\/p>\n\t\t<\/div>\n\t\t<div id=\"input-message\" class=\"col-lg-12 input-message\">\n\t\t\t<p><span class=\"wpcf7-form-control-wrap\" data-name=\"your-message\"><textarea cols=\"40\" rows=\"10\" maxlength=\"2000\" class=\"wpcf7-form-control wpcf7-textarea wpcf7-validates-as-required form-control message\" aria-required=\"true\" aria-invalid=\"false\" placeholder=\"Informacion Adicional ...\" name=\"your-message\"><\/textarea><\/span>\n\t\t\t<\/p>\n\t\t<\/div>\n\t\t<div class=\"col-lg-12 mt-15 form-btn\">\n\t\t\t<p><input class=\"wpcf7-form-control wpcf7-submit has-spinner btn btn-primary tra-black-hover submit\" type=\"submit\" value=\"Enviar Mensaje\" \/>\n\t\t\t<\/p>\n\t\t<\/div>\n\t\t<div class=\"col-lg-12 contact-form-msg text-center\">\n\t\t\t<div class=\"sending-msg\">\n\t\t\t<div class=\"wpcf7-response-output\" aria-hidden=\"true\"><\/div>\n\t\t\t<\/div>\n\t\t<\/div>\n\t<\/div>\n<\/div>\n<\/form>\n<\/div>\n<\/div>\t <!-- END CONTACT FORM -->\t \t\n\n\n<\/div>\n<\/div>[\/vc_column][\/vc_row][\/vc_section]\t\t\t\t\t\t\t\t<\/div>\n\t\t\t\t<\/div>\n\t\t\t\t\t<\/div>\n\t\t<\/div>\n\t\t\t\t\t<\/div>\n\t\t<\/section>\n\t\t\t\t<section class=\"elementor-section elementor-top-section elementor-element elementor-element-719d5cc elementor-section-full_width elementor-section-height-default elementor-section-height-default\" data-id=\"719d5cc\" data-element_type=\"section\" data-settings=\"{&quot;background_background&quot;:&quot;classic&quot;}\">\n\t\t\t\t\t\t<div class=\"elementor-container elementor-column-gap-default\">\n\t\t\t\t\t<div class=\"elementor-column elementor-col-100 elementor-top-column elementor-element elementor-element-7d0466b\" data-id=\"7d0466b\" data-element_type=\"column\">\n\t\t\t<div class=\"elementor-widget-wrap elementor-element-populated\">\n\t\t\t\t\t\t<div class=\"elementor-element elementor-element-2d9ee04 elementor-widget elementor-widget-heading\" data-id=\"2d9ee04\" data-element_type=\"widget\" data-widget_type=\"heading.default\">\n\t\t\t\t<div class=\"elementor-widget-container\">\n\t\t\t\t\t<h2 class=\"elementor-heading-title elementor-size-default\">\u00a1Nuestro equipo est\u00e1 listo para ayudarlo!<\/h2>\t\t\t\t<\/div>\n\t\t\t\t<\/div>\n\t\t\t\t<div class=\"elementor-element elementor-element-d880831 elementor-widget elementor-widget-text-editor\" data-id=\"d880831\" data-element_type=\"widget\" data-widget_type=\"text-editor.default\">\n\t\t\t\t<div class=\"elementor-widget-container\">\n\t\t\t\t\t\t\t\t\t\u00bfTiene preguntas sobre sus impuestos?\t\t\t\t\t\t\t\t<\/div>\n\t\t\t\t<\/div>\n\t\t\t\t<div class=\"elementor-element elementor-element-6b12bcc elementor-align-center elementor-widget elementor-widget-button\" data-id=\"6b12bcc\" data-element_type=\"widget\" data-widget_type=\"button.default\">\n\t\t\t\t<div class=\"elementor-widget-container\">\n\t\t\t\t\t\t\t\t\t<div class=\"elementor-button-wrapper\">\n\t\t\t\t\t<a class=\"elementor-button elementor-button-link elementor-size-md\" href=\"\/es\/contacto\/\">\n\t\t\t\t\t\t<span class=\"elementor-button-content-wrapper\">\n\t\t\t\t\t\t\t\t\t<span class=\"elementor-button-text\">\u00a1Ponte en contacto con nosotros!<\/span>\n\t\t\t\t\t<\/span>\n\t\t\t\t\t<\/a>\n\t\t\t\t<\/div>\n\t\t\t\t\t\t\t\t<\/div>\n\t\t\t\t<\/div>\n\t\t\t\t\t<\/div>\n\t\t<\/div>\n\t\t\t\t\t<\/div>\n\t\t<\/section>\n\t\t\t\t<section class=\"elementor-section elementor-top-section elementor-element elementor-element-972aa75 elementor-section-boxed elementor-section-height-default elementor-section-height-default\" data-id=\"972aa75\" data-element_type=\"section\">\n\t\t\t\t\t\t<div class=\"elementor-container elementor-column-gap-default\">\n\t\t\t\t\t<div class=\"elementor-column elementor-col-100 elementor-top-column elementor-element elementor-element-291a8d3\" data-id=\"291a8d3\" data-element_type=\"column\">\n\t\t\t<div class=\"elementor-widget-wrap\">\n\t\t\t\t\t\t\t<\/div>\n\t\t<\/div>\n\t\t\t\t\t<\/div>\n\t\t<\/section>\n\t\t\t\t<\/div>\n\t\t<\/div>","protected":false},"excerpt":{"rendered":"<p>Portal Seguro Portal Seguro para Clientes Obtenga acceso r\u00e1pido a su cuenta. Hoy le ofrecemos una forma f\u00e1cil, segura y r\u00e1pida de compartir sus documentos de impuestos fiscales con nosotros. Presione Aqui \u00bfNecesita acceder a nuestro nuevo portal? Env\u00edenos un&#8230;<\/p>\n","protected":false},"author":1,"featured_media":5444,"parent":0,"menu_order":0,"comment_status":"closed","ping_status":"closed","template":"","meta":{"footnotes":""},"class_list":["post-5349","page","type-page","status-publish","has-post-thumbnail","hentry"],"yoast_head":"<!-- This site is optimized with the Yoast SEO plugin v27.4 - https:\/\/yoast.com\/product\/yoast-seo-wordpress\/ -->\n<title>Portal Seguro para Clientes - Ulloa &amp; Company PA<\/title>\n<meta name=\"robots\" content=\"index, follow, max-snippet:-1, max-image-preview:large, max-video-preview:-1\" \/>\n<link rel=\"canonical\" href=\"https:\/\/ulloacompany.com\/es\/portal-seguro\/\" \/>\n<meta property=\"og:locale\" content=\"es_ES\" \/>\n<meta property=\"og:type\" content=\"article\" \/>\n<meta property=\"og:title\" content=\"Portal Seguro para Clientes - Ulloa &amp; Company PA\" \/>\n<meta property=\"og:description\" content=\"Portal Seguro Portal Seguro para Clientes Obtenga acceso r\u00e1pido a su cuenta. Hoy le ofrecemos una forma f\u00e1cil, segura y r\u00e1pida de compartir sus documentos de impuestos fiscales con nosotros. Presione Aqui \u00bfNecesita acceder a nuestro nuevo portal? Env\u00edenos un...\" \/>\n<meta property=\"og:url\" content=\"https:\/\/ulloacompany.com\/es\/portal-seguro\/\" \/>\n<meta property=\"og:site_name\" content=\"Ulloa &amp; Company PA\" \/>\n<meta property=\"article:modified_time\" content=\"2026-01-16T20:34:20+00:00\" \/>\n<meta property=\"og:image\" content=\"https:\/\/ulloacompany.com\/wp-content\/uploads\/2022\/01\/Secure-portal-ok.jpg\" \/>\n\t<meta property=\"og:image:width\" content=\"1920\" \/>\n\t<meta property=\"og:image:height\" content=\"1280\" \/>\n\t<meta property=\"og:image:type\" content=\"image\/jpeg\" \/>\n<meta name=\"twitter:card\" content=\"summary_large_image\" \/>\n<meta name=\"twitter:label1\" content=\"Tiempo de lectura\" \/>\n\t<meta name=\"twitter:data1\" content=\"1 minuto\" \/>\n<script type=\"application\/ld+json\" class=\"yoast-schema-graph\">{\"@context\":\"https:\\\/\\\/schema.org\",\"@graph\":[{\"@type\":\"WebPage\",\"@id\":\"https:\\\/\\\/ulloacompany.com\\\/es\\\/portal-seguro\\\/\",\"url\":\"https:\\\/\\\/ulloacompany.com\\\/es\\\/portal-seguro\\\/\",\"name\":\"Portal Seguro para Clientes - Ulloa &amp; Company PA\",\"isPartOf\":{\"@id\":\"https:\\\/\\\/ulloacompany.com\\\/es\\\/#website\"},\"primaryImageOfPage\":{\"@id\":\"https:\\\/\\\/ulloacompany.com\\\/es\\\/portal-seguro\\\/#primaryimage\"},\"image\":{\"@id\":\"https:\\\/\\\/ulloacompany.com\\\/es\\\/portal-seguro\\\/#primaryimage\"},\"thumbnailUrl\":\"https:\\\/\\\/ulloacompany.com\\\/wp-content\\\/uploads\\\/2022\\\/01\\\/Secure-portal-ok.jpg\",\"datePublished\":\"2022-01-07T05:42:41+00:00\",\"dateModified\":\"2026-01-16T20:34:20+00:00\",\"breadcrumb\":{\"@id\":\"https:\\\/\\\/ulloacompany.com\\\/es\\\/portal-seguro\\\/#breadcrumb\"},\"inLanguage\":\"es\",\"potentialAction\":[{\"@type\":\"ReadAction\",\"target\":[\"https:\\\/\\\/ulloacompany.com\\\/es\\\/portal-seguro\\\/\"]}]},{\"@type\":\"ImageObject\",\"inLanguage\":\"es\",\"@id\":\"https:\\\/\\\/ulloacompany.com\\\/es\\\/portal-seguro\\\/#primaryimage\",\"url\":\"https:\\\/\\\/ulloacompany.com\\\/wp-content\\\/uploads\\\/2022\\\/01\\\/Secure-portal-ok.jpg\",\"contentUrl\":\"https:\\\/\\\/ulloacompany.com\\\/wp-content\\\/uploads\\\/2022\\\/01\\\/Secure-portal-ok.jpg\",\"width\":1920,\"height\":1280,\"caption\":\"Secure Portal\"},{\"@type\":\"BreadcrumbList\",\"@id\":\"https:\\\/\\\/ulloacompany.com\\\/es\\\/portal-seguro\\\/#breadcrumb\",\"itemListElement\":[{\"@type\":\"ListItem\",\"position\":1,\"name\":\"Home\",\"item\":\"https:\\\/\\\/ulloacompany.com\\\/es\\\/\"},{\"@type\":\"ListItem\",\"position\":2,\"name\":\"Portal Seguro para Clientes\"}]},{\"@type\":\"WebSite\",\"@id\":\"https:\\\/\\\/ulloacompany.com\\\/es\\\/#website\",\"url\":\"https:\\\/\\\/ulloacompany.com\\\/es\\\/\",\"name\":\"Ulloa &amp; Company PA\",\"description\":\"Accounting &amp; Tax Services\",\"potentialAction\":[{\"@type\":\"SearchAction\",\"target\":{\"@type\":\"EntryPoint\",\"urlTemplate\":\"https:\\\/\\\/ulloacompany.com\\\/es\\\/?s={search_term_string}\"},\"query-input\":{\"@type\":\"PropertyValueSpecification\",\"valueRequired\":true,\"valueName\":\"search_term_string\"}}],\"inLanguage\":\"es\"}]}<\/script>\n<!-- \/ Yoast SEO plugin. -->","yoast_head_json":{"title":"Portal Seguro para Clientes - Ulloa &amp; Company PA","robots":{"index":"index","follow":"follow","max-snippet":"max-snippet:-1","max-image-preview":"max-image-preview:large","max-video-preview":"max-video-preview:-1"},"canonical":"https:\/\/ulloacompany.com\/es\/portal-seguro\/","og_locale":"es_ES","og_type":"article","og_title":"Portal Seguro para Clientes - Ulloa &amp; Company PA","og_description":"Portal Seguro Portal Seguro para Clientes Obtenga acceso r\u00e1pido a su cuenta. Hoy le ofrecemos una forma f\u00e1cil, segura y r\u00e1pida de compartir sus documentos de impuestos fiscales con nosotros. Presione Aqui \u00bfNecesita acceder a nuestro nuevo portal? Env\u00edenos un...","og_url":"https:\/\/ulloacompany.com\/es\/portal-seguro\/","og_site_name":"Ulloa &amp; Company PA","article_modified_time":"2026-01-16T20:34:20+00:00","og_image":[{"width":1920,"height":1280,"url":"https:\/\/ulloacompany.com\/wp-content\/uploads\/2022\/01\/Secure-portal-ok.jpg","type":"image\/jpeg"}],"twitter_card":"summary_large_image","twitter_misc":{"Tiempo de lectura":"1 minuto"},"schema":{"@context":"https:\/\/schema.org","@graph":[{"@type":"WebPage","@id":"https:\/\/ulloacompany.com\/es\/portal-seguro\/","url":"https:\/\/ulloacompany.com\/es\/portal-seguro\/","name":"Portal Seguro para Clientes - Ulloa &amp; Company PA","isPartOf":{"@id":"https:\/\/ulloacompany.com\/es\/#website"},"primaryImageOfPage":{"@id":"https:\/\/ulloacompany.com\/es\/portal-seguro\/#primaryimage"},"image":{"@id":"https:\/\/ulloacompany.com\/es\/portal-seguro\/#primaryimage"},"thumbnailUrl":"https:\/\/ulloacompany.com\/wp-content\/uploads\/2022\/01\/Secure-portal-ok.jpg","datePublished":"2022-01-07T05:42:41+00:00","dateModified":"2026-01-16T20:34:20+00:00","breadcrumb":{"@id":"https:\/\/ulloacompany.com\/es\/portal-seguro\/#breadcrumb"},"inLanguage":"es","potentialAction":[{"@type":"ReadAction","target":["https:\/\/ulloacompany.com\/es\/portal-seguro\/"]}]},{"@type":"ImageObject","inLanguage":"es","@id":"https:\/\/ulloacompany.com\/es\/portal-seguro\/#primaryimage","url":"https:\/\/ulloacompany.com\/wp-content\/uploads\/2022\/01\/Secure-portal-ok.jpg","contentUrl":"https:\/\/ulloacompany.com\/wp-content\/uploads\/2022\/01\/Secure-portal-ok.jpg","width":1920,"height":1280,"caption":"Secure Portal"},{"@type":"BreadcrumbList","@id":"https:\/\/ulloacompany.com\/es\/portal-seguro\/#breadcrumb","itemListElement":[{"@type":"ListItem","position":1,"name":"Home","item":"https:\/\/ulloacompany.com\/es\/"},{"@type":"ListItem","position":2,"name":"Portal Seguro para Clientes"}]},{"@type":"WebSite","@id":"https:\/\/ulloacompany.com\/es\/#website","url":"https:\/\/ulloacompany.com\/es\/","name":"Ulloa &amp; Company PA","description":"Accounting &amp; Tax Services","potentialAction":[{"@type":"SearchAction","target":{"@type":"EntryPoint","urlTemplate":"https:\/\/ulloacompany.com\/es\/?s={search_term_string}"},"query-input":{"@type":"PropertyValueSpecification","valueRequired":true,"valueName":"search_term_string"}}],"inLanguage":"es"}]}},"post_mailing_queue_ids":[],"_links":{"self":[{"href":"https:\/\/ulloacompany.com\/es\/wp-json\/wp\/v2\/pages\/5349","targetHints":{"allow":["GET"]}}],"collection":[{"href":"https:\/\/ulloacompany.com\/es\/wp-json\/wp\/v2\/pages"}],"about":[{"href":"https:\/\/ulloacompany.com\/es\/wp-json\/wp\/v2\/types\/page"}],"author":[{"embeddable":true,"href":"https:\/\/ulloacompany.com\/es\/wp-json\/wp\/v2\/users\/1"}],"replies":[{"embeddable":true,"href":"https:\/\/ulloacompany.com\/es\/wp-json\/wp\/v2\/comments?post=5349"}],"version-history":[{"count":42,"href":"https:\/\/ulloacompany.com\/es\/wp-json\/wp\/v2\/pages\/5349\/revisions"}],"predecessor-version":[{"id":6802,"href":"https:\/\/ulloacompany.com\/es\/wp-json\/wp\/v2\/pages\/5349\/revisions\/6802"}],"wp:featuredmedia":[{"embeddable":true,"href":"https:\/\/ulloacompany.com\/es\/wp-json\/wp\/v2\/media\/5444"}],"wp:attachment":[{"href":"https:\/\/ulloacompany.com\/es\/wp-json\/wp\/v2\/media?parent=5349"}],"curies":[{"name":"wp","href":"https:\/\/api.w.org\/{rel}","templated":true}]}}