{"id":4580,"date":"2021-08-11T03:44:56","date_gmt":"2021-08-11T03:44:56","guid":{"rendered":"https:\/\/ulloacompany.com\/?page_id=4580"},"modified":"2026-01-20T15:20:59","modified_gmt":"2026-01-20T15:20:59","slug":"politica-de-privacidad","status":"publish","type":"page","link":"https:\/\/ulloacompany.com\/es\/politica-de-privacidad\/","title":{"rendered":"Pol\u00edtica de Privacidad"},"content":{"rendered":"\t\t<div data-elementor-type=\"wp-page\" data-elementor-id=\"4580\" class=\"elementor elementor-4580\" data-elementor-post-type=\"page\">\n\t\t\t\t\t\t<section class=\"elementor-section elementor-top-section elementor-element elementor-element-37e39e8 elementor-section-full_width elementor-section-height-default elementor-section-height-default\" data-id=\"37e39e8\" data-element_type=\"section\">\n\t\t\t\t\t\t<div class=\"elementor-container elementor-column-gap-no\">\n\t\t\t\t\t<div class=\"elementor-column elementor-col-100 elementor-top-column elementor-element elementor-element-f4d8123\" data-id=\"f4d8123\" data-element_type=\"column\">\n\t\t\t<div class=\"elementor-widget-wrap elementor-element-populated\">\n\t\t\t\t\t\t<div class=\"elementor-element elementor-element-51d949b elementor--h-position-center elementor--v-position-middle elementor-arrows-position-inside elementor-pagination-position-inside elementor-widget elementor-widget-slides\" data-id=\"51d949b\" data-element_type=\"widget\" data-settings=\"{&quot;transition&quot;:&quot;fade&quot;,&quot;navigation&quot;:&quot;both&quot;,&quot;transition_speed&quot;:500}\" data-widget_type=\"slides.default\">\n\t\t\t\t<div class=\"elementor-widget-container\">\n\t\t\t\t\t\t\t\t\t<div class=\"elementor-swiper\">\n\t\t\t\t\t<div class=\"elementor-slides-wrapper elementor-main-swiper swiper\" role=\"region\" aria-roledescription=\"carousel\" aria-label=\"Slides\" dir=\"ltr\" data-animation=\"fadeInUp\">\n\t\t\t\t<div class=\"swiper-wrapper elementor-slides\">\n\t\t\t\t\t\t\t\t\t\t<div class=\"elementor-repeater-item-6e0e306 swiper-slide\" role=\"group\" aria-roledescription=\"slide\"><div class=\"swiper-slide-bg\" role=\"img\" aria-label=\"Business Incorporation\"><\/div><div class=\"elementor-background-overlay\"><\/div><div class=\"swiper-slide-inner\" ><div class=\"swiper-slide-contents\"><div class=\"elementor-slide-heading\">Pol\u00edtica de privacidad<\/div><\/div><\/div><\/div>\t\t\t\t<\/div>\n\t\t\t\t\t\t\t<\/div>\n\t\t\t\t<\/div>\n\t\t\t\t\t\t\t\t<\/div>\n\t\t\t\t<\/div>\n\t\t\t\t\t<\/div>\n\t\t<\/div>\n\t\t\t\t\t<\/div>\n\t\t<\/section>\n\t\t\t\t<section class=\"elementor-section elementor-top-section elementor-element elementor-element-0f68b4d elementor-section-boxed elementor-section-height-default elementor-section-height-default\" data-id=\"0f68b4d\" data-element_type=\"section\">\n\t\t\t\t\t\t<div class=\"elementor-container elementor-column-gap-default\">\n\t\t\t\t\t<div class=\"elementor-column elementor-col-100 elementor-top-column elementor-element elementor-element-ba20551\" data-id=\"ba20551\" data-element_type=\"column\">\n\t\t\t<div class=\"elementor-widget-wrap elementor-element-populated\">\n\t\t\t\t\t\t<div class=\"elementor-element elementor-element-cbf6e2f elementor-widget elementor-widget-heading\" data-id=\"cbf6e2f\" data-element_type=\"widget\" data-widget_type=\"heading.default\">\n\t\t\t\t<div class=\"elementor-widget-container\">\n\t\t\t\t\t<h1 class=\"elementor-heading-title elementor-size-default\">Pol\u00edtica de privacidad<\/h1>\t\t\t\t<\/div>\n\t\t\t\t<\/div>\n\t\t\t\t\t<\/div>\n\t\t<\/div>\n\t\t\t\t\t<\/div>\n\t\t<\/section>\n\t\t\t\t<section class=\"elementor-section elementor-top-section elementor-element elementor-element-561d0e4 elementor-section-boxed elementor-section-height-default elementor-section-height-default\" data-id=\"561d0e4\" data-element_type=\"section\">\n\t\t\t\t\t\t<div class=\"elementor-container elementor-column-gap-default\">\n\t\t\t\t\t<div class=\"elementor-column elementor-col-100 elementor-top-column elementor-element elementor-element-66e00ff\" data-id=\"66e00ff\" data-element_type=\"column\">\n\t\t\t<div class=\"elementor-widget-wrap elementor-element-populated\">\n\t\t\t\t\t\t<div class=\"elementor-element elementor-element-9f29835 elementor-widget elementor-widget-text-editor\" data-id=\"9f29835\" data-element_type=\"widget\" data-widget_type=\"text-editor.default\">\n\t\t\t\t<div class=\"elementor-widget-container\">\n\t\t\t\t\t\t\t\t\t<p><strong>Uso del intercambio de datos<\/strong><\/p><p>Cualquier data que se proporcione, incluyendo pero no limit\u00e1ndose a informaci\u00f3n de suscripci\u00f3n m\u00f3vil a la suscripci\u00f3n, se mantendr\u00e1 confidencial, se utilizar\u00e1 \u00fanicamente para los fines descritos en esta pol\u00edtica y no ser\u00e1 compartido con terceros.<\/p><p><strong>Informaci\u00f3n sobre nuestra organizaci\u00f3n y sitio web<\/strong><\/p><p>Las modernas tecnolog\u00edas de la informaci\u00f3n y la comunicaci\u00f3n juegan un papel fundamental en las actividades de nuestra organizaci\u00f3n. Esta pol\u00edtica de privacidad cubre el sitio web de nuestra empresa.<\/p><p><strong>Proporcionar a los visitantes acceso an\u00f3nimo<\/strong><br \/>Puede acceder a la p\u00e1gina de inicio de nuestro sitio web y navegar por nuestro sitio sin revelar sus datos personales.<\/p><p><strong>Los servicios y enlaces de nuestro sitio web<\/strong><br \/>Nuestro sitio web no permite a nuestros visitantes comunicarse con otros visitantes o publicar informaci\u00f3n para que otros accedan a ella. Nuestro sitio web incluye un enlace a un proveedor de servicios web externo. Dichos proveedores de servicios web de terceros no recopilan datos personales sobre nuestros visitantes.<br \/>Registramos datos personales autom\u00e1ticamente por medios como la programaci\u00f3n o vinculamos la informaci\u00f3n registrada autom\u00e1ticamente por dichos medios con datos personales sobre individuos espec\u00edficos. Lo hacemos con los siguientes fines:<br \/>1- Administraci\u00f3n t\u00e9cnica del sitio web<br \/>2- An\u00e1lisis de tr\u00e1fico agregado del sitio web<br \/>3- Cumplimiento de la solicitud del cliente<br \/>Usamos cookies para almacenar datos personales o vinculamos la informaci\u00f3n almacenada en cookies con datos personales sobre individuos espec\u00edficos. Lo hacemos con los siguientes fines:<br \/>1- Administraci\u00f3n t\u00e9cnica del sitio web<br \/>2- An\u00e1lisis de tr\u00e1fico agregado del sitio web<br \/>3- Cumplimiento de la solicitud del cliente<\/p><p><strong>Recopilaci\u00f3n de datos con prop\u00f3sito especificado<\/strong><br \/>Recopilamos los datos personales que puede ofrecer voluntariamente mientras utiliza nuestros servicios. No recopilamos informaci\u00f3n sobre nuestros visitantes de otras fuentes, como registros de organismos p\u00fablicos o organizaciones privadas.<\/p><p><strong>Divulgaci\u00f3n y elecci\u00f3n del visitante<\/strong><br \/>No divulgamos sus datos personales a nuestras subsidiarias o otras organizaciones.<\/p><p><strong>Confidencialidad \/ Seguridad<\/strong><br \/>Le damos la opci\u00f3n de utilizar un m\u00e9todo de transmisi\u00f3n seguro para enviarnos los siguientes tipos de datos personales:<br \/>1- identificadores (como los detalles de la tarjeta de cr\u00e9dito)<br \/>2- Informaci\u00f3n comercial nueva<br \/>3- Informaci\u00f3n personal que incluye, entre otros: nombre, apellido, direcci\u00f3n, seguro social, n\u00famero de tel\u00e9fono y direcci\u00f3n de correo electr\u00f3nico.<\/p><p><strong>Acceso a los datos personales que podamos tener sobre usted<\/strong><br \/>Puede preguntarnos: Visitando nuestra p\u00e1gina de contacto Le proporcionaremos una copia legible de los datos personales que conservamos sobre usted, dentro de un mes aunque es posible que antes le solicitemos una prueba de su identidad. Proporcionaremos la informaci\u00f3n sin cargo alguno. Le permitimos impugnar los datos que tenemos sobre usted y, en su caso, puede hacer que los datos: se borren, se rectifiquen o se modifiquen.<br \/>Ulloa &amp; Company P.A. se reserva el derecho de negarse a proporcionar a nuestros visitantes una copia de sus datos personales, pero explicar\u00e1 las razones de nuestra negativa. Sin embargo, le permitimos impugnar nuestra decisi\u00f3n de negarnos a proporcionarle una copia de sus datos personales.<\/p><p>&#8212;&#8212;&#8212;&#8212;&#8212;&#8212;&#8212;&#8212;&#8212;&#8212;&#8212;&#8212;&#8212;&#8212;&#8212;&#8212;&#8212;&#8212;&#8212;&#8212;&#8212;&#8212;&#8212;&#8212;&#8212;&#8212;<\/p><p>Cont\u00e1ctenos<br \/>Tiene preguntas, dudas o necesita ayuda adicional:<br \/>Solo Complete la informaci\u00f3n siguiente y le responderemos lo antes posible:<br \/>&#8211; Nombre y Apellido:<br \/>&#8211; Correo electr\u00f3nico<br \/>&#8211; N\u00famero de tel\u00e9fono<br \/>&#8211; Pregunta es relacionada con:<br \/>1- Impuestos Personales<br \/>2- Impuestos de negocios<br \/>3- Reconciliaci\u00f3n de cuentas<br \/>4- Incorporaci\u00f3n de un Nuevo negocio<br \/>5- Salario a trabajadores<br \/>6- Otro tema<br \/>&#8211; Mensaje adicional<\/p>\t\t\t\t\t\t\t\t<\/div>\n\t\t\t\t<\/div>\n\t\t\t\t\t<\/div>\n\t\t<\/div>\n\t\t\t\t\t<\/div>\n\t\t<\/section>\n\t\t\t\t<section class=\"elementor-section elementor-top-section elementor-element elementor-element-34877a5 elementor-section-full_width elementor-section-height-default elementor-section-height-default\" data-id=\"34877a5\" data-element_type=\"section\" data-settings=\"{&quot;background_background&quot;:&quot;classic&quot;}\">\n\t\t\t\t\t\t<div class=\"elementor-container elementor-column-gap-default\">\n\t\t\t\t\t<div class=\"elementor-column elementor-col-100 elementor-top-column elementor-element elementor-element-8803968\" data-id=\"8803968\" data-element_type=\"column\">\n\t\t\t<div class=\"elementor-widget-wrap elementor-element-populated\">\n\t\t\t\t\t\t<div class=\"elementor-element elementor-element-ae95842 elementor-widget elementor-widget-heading\" data-id=\"ae95842\" data-element_type=\"widget\" data-widget_type=\"heading.default\">\n\t\t\t\t<div class=\"elementor-widget-container\">\n\t\t\t\t\t<h2 class=\"elementor-heading-title elementor-size-default\">\u00a1Nuestro equipo est\u00e1 listo para ayudarlo!\n<\/h2>\t\t\t\t<\/div>\n\t\t\t\t<\/div>\n\t\t\t\t<div class=\"elementor-element elementor-element-397d1c3 elementor-widget elementor-widget-text-editor\" data-id=\"397d1c3\" data-element_type=\"widget\" data-widget_type=\"text-editor.default\">\n\t\t\t\t<div class=\"elementor-widget-container\">\n\t\t\t\t\t\t\t\t\t<p>\u00bfTiene preguntas sobre sus impuestos?<\/p>\t\t\t\t\t\t\t\t<\/div>\n\t\t\t\t<\/div>\n\t\t\t\t<div class=\"elementor-element elementor-element-2d0ca37 elementor-align-center elementor-widget elementor-widget-button\" data-id=\"2d0ca37\" data-element_type=\"widget\" data-widget_type=\"button.default\">\n\t\t\t\t<div class=\"elementor-widget-container\">\n\t\t\t\t\t\t\t\t\t<div class=\"elementor-button-wrapper\">\n\t\t\t\t\t<a class=\"elementor-button elementor-button-link elementor-size-md\" href=\"\/es\/contacto\/\">\n\t\t\t\t\t\t<span class=\"elementor-button-content-wrapper\">\n\t\t\t\t\t\t\t\t\t<span class=\"elementor-button-text\">\u00a1Ponte en contacto con nosotros!<\/span>\n\t\t\t\t\t<\/span>\n\t\t\t\t\t<\/a>\n\t\t\t\t<\/div>\n\t\t\t\t\t\t\t\t<\/div>\n\t\t\t\t<\/div>\n\t\t\t\t\t<\/div>\n\t\t<\/div>\n\t\t\t\t\t<\/div>\n\t\t<\/section>\n\t\t\t\t<\/div>\n\t\t","protected":false},"excerpt":{"rendered":"<p>Pol\u00edtica de privacidad Pol\u00edtica de privacidad Uso del intercambio de datos Cualquier data que se proporcione, incluyendo pero no limit\u00e1ndose a informaci\u00f3n de suscripci\u00f3n m\u00f3vil a la suscripci\u00f3n, se mantendr\u00e1 confidencial, se utilizar\u00e1 \u00fanicamente para los fines descritos en esta&#8230;<\/p>\n","protected":false},"author":1,"featured_media":4189,"parent":0,"menu_order":0,"comment_status":"closed","ping_status":"closed","template":"","meta":{"footnotes":""},"class_list":["post-4580","page","type-page","status-publish","has-post-thumbnail","hentry"],"yoast_head":"<!-- This site is optimized with the Yoast SEO plugin v27.4 - https:\/\/yoast.com\/product\/yoast-seo-wordpress\/ -->\n<title>Pol\u00edtica de Privacidad - Ulloa &amp; Company PA<\/title>\n<meta name=\"robots\" content=\"index, follow, max-snippet:-1, max-image-preview:large, max-video-preview:-1\" \/>\n<link rel=\"canonical\" href=\"https:\/\/ulloacompany.com\/es\/politica-de-privacidad\/\" \/>\n<meta property=\"og:locale\" content=\"es_ES\" \/>\n<meta property=\"og:type\" content=\"article\" \/>\n<meta property=\"og:title\" content=\"Pol\u00edtica de Privacidad - Ulloa &amp; Company PA\" \/>\n<meta property=\"og:description\" content=\"Pol\u00edtica de privacidad Pol\u00edtica de privacidad Uso del intercambio de datos Cualquier data que se proporcione, incluyendo pero no limit\u00e1ndose a informaci\u00f3n de suscripci\u00f3n m\u00f3vil a la suscripci\u00f3n, se mantendr\u00e1 confidencial, se utilizar\u00e1 \u00fanicamente para los fines descritos en esta...\" \/>\n<meta property=\"og:url\" content=\"https:\/\/ulloacompany.com\/es\/politica-de-privacidad\/\" \/>\n<meta property=\"og:site_name\" content=\"Ulloa &amp; Company PA\" \/>\n<meta property=\"article:modified_time\" content=\"2026-01-20T15:20:59+00:00\" \/>\n<meta property=\"og:image\" content=\"https:\/\/ulloacompany.com\/wp-content\/uploads\/2021\/06\/2-scaled.jpg\" \/>\n\t<meta property=\"og:image:width\" content=\"2560\" \/>\n\t<meta property=\"og:image:height\" content=\"1709\" \/>\n\t<meta property=\"og:image:type\" content=\"image\/jpeg\" \/>\n<meta name=\"twitter:card\" content=\"summary_large_image\" \/>\n<meta name=\"twitter:label1\" content=\"Tiempo de lectura\" \/>\n\t<meta name=\"twitter:data1\" content=\"3 minutos\" \/>\n<script type=\"application\/ld+json\" class=\"yoast-schema-graph\">{\"@context\":\"https:\\\/\\\/schema.org\",\"@graph\":[{\"@type\":\"WebPage\",\"@id\":\"https:\\\/\\\/ulloacompany.com\\\/es\\\/politica-de-privacidad\\\/\",\"url\":\"https:\\\/\\\/ulloacompany.com\\\/es\\\/politica-de-privacidad\\\/\",\"name\":\"Pol\u00edtica de Privacidad - Ulloa &amp; Company PA\",\"isPartOf\":{\"@id\":\"https:\\\/\\\/ulloacompany.com\\\/es\\\/#website\"},\"primaryImageOfPage\":{\"@id\":\"https:\\\/\\\/ulloacompany.com\\\/es\\\/politica-de-privacidad\\\/#primaryimage\"},\"image\":{\"@id\":\"https:\\\/\\\/ulloacompany.com\\\/es\\\/politica-de-privacidad\\\/#primaryimage\"},\"thumbnailUrl\":\"https:\\\/\\\/ulloacompany.com\\\/wp-content\\\/uploads\\\/2021\\\/06\\\/2-scaled.jpg\",\"datePublished\":\"2021-08-11T03:44:56+00:00\",\"dateModified\":\"2026-01-20T15:20:59+00:00\",\"breadcrumb\":{\"@id\":\"https:\\\/\\\/ulloacompany.com\\\/es\\\/politica-de-privacidad\\\/#breadcrumb\"},\"inLanguage\":\"es\",\"potentialAction\":[{\"@type\":\"ReadAction\",\"target\":[\"https:\\\/\\\/ulloacompany.com\\\/es\\\/politica-de-privacidad\\\/\"]}]},{\"@type\":\"ImageObject\",\"inLanguage\":\"es\",\"@id\":\"https:\\\/\\\/ulloacompany.com\\\/es\\\/politica-de-privacidad\\\/#primaryimage\",\"url\":\"https:\\\/\\\/ulloacompany.com\\\/wp-content\\\/uploads\\\/2021\\\/06\\\/2-scaled.jpg\",\"contentUrl\":\"https:\\\/\\\/ulloacompany.com\\\/wp-content\\\/uploads\\\/2021\\\/06\\\/2-scaled.jpg\",\"width\":2560,\"height\":1709},{\"@type\":\"BreadcrumbList\",\"@id\":\"https:\\\/\\\/ulloacompany.com\\\/es\\\/politica-de-privacidad\\\/#breadcrumb\",\"itemListElement\":[{\"@type\":\"ListItem\",\"position\":1,\"name\":\"Home\",\"item\":\"https:\\\/\\\/ulloacompany.com\\\/es\\\/\"},{\"@type\":\"ListItem\",\"position\":2,\"name\":\"Pol\u00edtica de Privacidad\"}]},{\"@type\":\"WebSite\",\"@id\":\"https:\\\/\\\/ulloacompany.com\\\/es\\\/#website\",\"url\":\"https:\\\/\\\/ulloacompany.com\\\/es\\\/\",\"name\":\"Ulloa &amp; Company PA\",\"description\":\"Accounting &amp; Tax Services\",\"potentialAction\":[{\"@type\":\"SearchAction\",\"target\":{\"@type\":\"EntryPoint\",\"urlTemplate\":\"https:\\\/\\\/ulloacompany.com\\\/es\\\/?s={search_term_string}\"},\"query-input\":{\"@type\":\"PropertyValueSpecification\",\"valueRequired\":true,\"valueName\":\"search_term_string\"}}],\"inLanguage\":\"es\"}]}<\/script>\n<!-- \/ Yoast SEO plugin. -->","yoast_head_json":{"title":"Pol\u00edtica de Privacidad - Ulloa &amp; Company PA","robots":{"index":"index","follow":"follow","max-snippet":"max-snippet:-1","max-image-preview":"max-image-preview:large","max-video-preview":"max-video-preview:-1"},"canonical":"https:\/\/ulloacompany.com\/es\/politica-de-privacidad\/","og_locale":"es_ES","og_type":"article","og_title":"Pol\u00edtica de Privacidad - Ulloa &amp; Company PA","og_description":"Pol\u00edtica de privacidad Pol\u00edtica de privacidad Uso del intercambio de datos Cualquier data que se proporcione, incluyendo pero no limit\u00e1ndose a informaci\u00f3n de suscripci\u00f3n m\u00f3vil a la suscripci\u00f3n, se mantendr\u00e1 confidencial, se utilizar\u00e1 \u00fanicamente para los fines descritos en esta...","og_url":"https:\/\/ulloacompany.com\/es\/politica-de-privacidad\/","og_site_name":"Ulloa &amp; Company PA","article_modified_time":"2026-01-20T15:20:59+00:00","og_image":[{"width":2560,"height":1709,"url":"https:\/\/ulloacompany.com\/wp-content\/uploads\/2021\/06\/2-scaled.jpg","type":"image\/jpeg"}],"twitter_card":"summary_large_image","twitter_misc":{"Tiempo de lectura":"3 minutos"},"schema":{"@context":"https:\/\/schema.org","@graph":[{"@type":"WebPage","@id":"https:\/\/ulloacompany.com\/es\/politica-de-privacidad\/","url":"https:\/\/ulloacompany.com\/es\/politica-de-privacidad\/","name":"Pol\u00edtica de Privacidad - Ulloa &amp; Company PA","isPartOf":{"@id":"https:\/\/ulloacompany.com\/es\/#website"},"primaryImageOfPage":{"@id":"https:\/\/ulloacompany.com\/es\/politica-de-privacidad\/#primaryimage"},"image":{"@id":"https:\/\/ulloacompany.com\/es\/politica-de-privacidad\/#primaryimage"},"thumbnailUrl":"https:\/\/ulloacompany.com\/wp-content\/uploads\/2021\/06\/2-scaled.jpg","datePublished":"2021-08-11T03:44:56+00:00","dateModified":"2026-01-20T15:20:59+00:00","breadcrumb":{"@id":"https:\/\/ulloacompany.com\/es\/politica-de-privacidad\/#breadcrumb"},"inLanguage":"es","potentialAction":[{"@type":"ReadAction","target":["https:\/\/ulloacompany.com\/es\/politica-de-privacidad\/"]}]},{"@type":"ImageObject","inLanguage":"es","@id":"https:\/\/ulloacompany.com\/es\/politica-de-privacidad\/#primaryimage","url":"https:\/\/ulloacompany.com\/wp-content\/uploads\/2021\/06\/2-scaled.jpg","contentUrl":"https:\/\/ulloacompany.com\/wp-content\/uploads\/2021\/06\/2-scaled.jpg","width":2560,"height":1709},{"@type":"BreadcrumbList","@id":"https:\/\/ulloacompany.com\/es\/politica-de-privacidad\/#breadcrumb","itemListElement":[{"@type":"ListItem","position":1,"name":"Home","item":"https:\/\/ulloacompany.com\/es\/"},{"@type":"ListItem","position":2,"name":"Pol\u00edtica de Privacidad"}]},{"@type":"WebSite","@id":"https:\/\/ulloacompany.com\/es\/#website","url":"https:\/\/ulloacompany.com\/es\/","name":"Ulloa &amp; Company PA","description":"Accounting &amp; Tax Services","potentialAction":[{"@type":"SearchAction","target":{"@type":"EntryPoint","urlTemplate":"https:\/\/ulloacompany.com\/es\/?s={search_term_string}"},"query-input":{"@type":"PropertyValueSpecification","valueRequired":true,"valueName":"search_term_string"}}],"inLanguage":"es"}]}},"post_mailing_queue_ids":[],"_links":{"self":[{"href":"https:\/\/ulloacompany.com\/es\/wp-json\/wp\/v2\/pages\/4580","targetHints":{"allow":["GET"]}}],"collection":[{"href":"https:\/\/ulloacompany.com\/es\/wp-json\/wp\/v2\/pages"}],"about":[{"href":"https:\/\/ulloacompany.com\/es\/wp-json\/wp\/v2\/types\/page"}],"author":[{"embeddable":true,"href":"https:\/\/ulloacompany.com\/es\/wp-json\/wp\/v2\/users\/1"}],"replies":[{"embeddable":true,"href":"https:\/\/ulloacompany.com\/es\/wp-json\/wp\/v2\/comments?post=4580"}],"version-history":[{"count":9,"href":"https:\/\/ulloacompany.com\/es\/wp-json\/wp\/v2\/pages\/4580\/revisions"}],"predecessor-version":[{"id":6836,"href":"https:\/\/ulloacompany.com\/es\/wp-json\/wp\/v2\/pages\/4580\/revisions\/6836"}],"wp:featuredmedia":[{"embeddable":true,"href":"https:\/\/ulloacompany.com\/es\/wp-json\/wp\/v2\/media\/4189"}],"wp:attachment":[{"href":"https:\/\/ulloacompany.com\/es\/wp-json\/wp\/v2\/media?parent=4580"}],"curies":[{"name":"wp","href":"https:\/\/api.w.org\/{rel}","templated":true}]}}