{"id":4560,"date":"2021-08-10T03:37:36","date_gmt":"2021-08-10T03:37:36","guid":{"rendered":"https:\/\/ulloacompany.com\/?page_id=4560"},"modified":"2025-11-17T17:04:13","modified_gmt":"2025-11-17T17:04:13","slug":"realizar-un-pago","status":"publish","type":"page","link":"https:\/\/ulloacompany.com\/es\/realizar-un-pago\/","title":{"rendered":"Realizar un Pago"},"content":{"rendered":"\t\t<div data-elementor-type=\"wp-page\" data-elementor-id=\"4560\" class=\"elementor elementor-4560\" data-elementor-post-type=\"page\">\n\t\t\t\t\t\t<section class=\"elementor-section elementor-top-section elementor-element elementor-element-37e39e8 elementor-section-full_width elementor-section-height-default elementor-section-height-default\" data-id=\"37e39e8\" data-element_type=\"section\">\n\t\t\t\t\t\t<div class=\"elementor-container elementor-column-gap-no\">\n\t\t\t\t\t<div class=\"elementor-column elementor-col-100 elementor-top-column elementor-element elementor-element-f4d8123\" data-id=\"f4d8123\" data-element_type=\"column\">\n\t\t\t<div class=\"elementor-widget-wrap elementor-element-populated\">\n\t\t\t\t\t\t<div class=\"elementor-element elementor-element-51d949b elementor--h-position-center elementor--v-position-middle elementor-arrows-position-inside elementor-pagination-position-inside elementor-widget elementor-widget-slides\" data-id=\"51d949b\" data-element_type=\"widget\" data-settings=\"{&quot;transition&quot;:&quot;fade&quot;,&quot;navigation&quot;:&quot;both&quot;,&quot;transition_speed&quot;:500}\" data-widget_type=\"slides.default\">\n\t\t\t\t<div class=\"elementor-widget-container\">\n\t\t\t\t\t\t\t\t\t<div class=\"elementor-swiper\">\n\t\t\t\t\t<div class=\"elementor-slides-wrapper elementor-main-swiper swiper\" role=\"region\" aria-roledescription=\"carousel\" aria-label=\"Slides\" dir=\"ltr\" data-animation=\"fadeInUp\">\n\t\t\t\t<div class=\"swiper-wrapper elementor-slides\">\n\t\t\t\t\t\t\t\t\t\t<div class=\"elementor-repeater-item-6e0e306 swiper-slide\" role=\"group\" aria-roledescription=\"slide\"><div class=\"swiper-slide-bg\" role=\"img\" aria-label=\"Make a Payment\"><\/div><div class=\"elementor-background-overlay\"><\/div><div class=\"swiper-slide-inner\" ><div class=\"swiper-slide-contents\"><div class=\"elementor-slide-heading\">Realizar un pago<\/div><\/div><\/div><\/div>\t\t\t\t<\/div>\n\t\t\t\t\t\t\t<\/div>\n\t\t\t\t<\/div>\n\t\t\t\t\t\t\t\t<\/div>\n\t\t\t\t<\/div>\n\t\t\t\t\t<\/div>\n\t\t<\/div>\n\t\t\t\t\t<\/div>\n\t\t<\/section>\n\t\t\t\t<section class=\"elementor-section elementor-top-section elementor-element elementor-element-0f68b4d elementor-section-boxed elementor-section-height-default elementor-section-height-default\" data-id=\"0f68b4d\" data-element_type=\"section\">\n\t\t\t\t\t\t<div class=\"elementor-container elementor-column-gap-default\">\n\t\t\t\t\t<div class=\"elementor-column elementor-col-100 elementor-top-column elementor-element elementor-element-ba20551\" data-id=\"ba20551\" data-element_type=\"column\">\n\t\t\t<div class=\"elementor-widget-wrap elementor-element-populated\">\n\t\t\t\t\t\t<div class=\"elementor-element elementor-element-cbf6e2f elementor-widget elementor-widget-heading\" data-id=\"cbf6e2f\" data-element_type=\"widget\" data-widget_type=\"heading.default\">\n\t\t\t\t<div class=\"elementor-widget-container\">\n\t\t\t\t\t<h1 class=\"elementor-heading-title elementor-size-default\">Realizar un pago<\/h1>\t\t\t\t<\/div>\n\t\t\t\t<\/div>\n\t\t\t\t\t<\/div>\n\t\t<\/div>\n\t\t\t\t\t<\/div>\n\t\t<\/section>\n\t\t\t\t<section class=\"elementor-section elementor-top-section elementor-element elementor-element-7b26085 elementor-section-boxed elementor-section-height-default elementor-section-height-default\" data-id=\"7b26085\" data-element_type=\"section\">\n\t\t\t\t\t\t<div class=\"elementor-container elementor-column-gap-default\">\n\t\t\t\t\t<div class=\"elementor-column elementor-col-100 elementor-top-column elementor-element elementor-element-aa5383a\" data-id=\"aa5383a\" data-element_type=\"column\">\n\t\t\t<div class=\"elementor-widget-wrap elementor-element-populated\">\n\t\t\t\t\t\t<div class=\"elementor-element elementor-element-31fece9 elementor-widget elementor-widget-text-editor\" data-id=\"31fece9\" data-element_type=\"widget\" data-widget_type=\"text-editor.default\">\n\t\t\t\t<div class=\"elementor-widget-container\">\n\t\t\t\t\t\t\t\t\t<p>\u00a1Te lo ponemos f\u00e1cil! Amplias opciones de pago. Para su comodidad, simplemente elija escanear su mejor opci\u00f3n a continuaci\u00f3n.<\/p>\t\t\t\t\t\t\t\t<\/div>\n\t\t\t\t<\/div>\n\t\t\t\t\t<\/div>\n\t\t<\/div>\n\t\t\t\t\t<\/div>\n\t\t<\/section>\n\t\t\t\t<section class=\"elementor-section elementor-top-section elementor-element elementor-element-4eca3a2 elementor-section-boxed elementor-section-height-default elementor-section-height-default\" data-id=\"4eca3a2\" data-element_type=\"section\">\n\t\t\t\t\t\t<div class=\"elementor-container elementor-column-gap-default\">\n\t\t\t\t\t<div class=\"elementor-column elementor-col-100 elementor-top-column elementor-element elementor-element-1f73500\" data-id=\"1f73500\" data-element_type=\"column\">\n\t\t\t<div class=\"elementor-widget-wrap elementor-element-populated\">\n\t\t\t\t\t\t<div class=\"elementor-element elementor-element-43ec982 elementor-widget elementor-widget-heading\" data-id=\"43ec982\" data-element_type=\"widget\" data-widget_type=\"heading.default\">\n\t\t\t\t<div class=\"elementor-widget-container\">\n\t\t\t\t\t<h3 class=\"elementor-heading-title elementor-size-default\">Pagar por tel\u00e9fono con la aplicaci\u00f3n<\/h3>\t\t\t\t<\/div>\n\t\t\t\t<\/div>\n\t\t\t\t\t<\/div>\n\t\t<\/div>\n\t\t\t\t\t<\/div>\n\t\t<\/section>\n\t\t\t\t<section class=\"elementor-section elementor-top-section elementor-element elementor-element-840da29 elementor-section-boxed elementor-section-height-default elementor-section-height-default\" data-id=\"840da29\" data-element_type=\"section\">\n\t\t\t\t\t\t<div class=\"elementor-container elementor-column-gap-default\">\n\t\t\t\t\t<div class=\"elementor-column elementor-col-33 elementor-top-column elementor-element elementor-element-ddf12ad\" data-id=\"ddf12ad\" data-element_type=\"column\">\n\t\t\t<div class=\"elementor-widget-wrap elementor-element-populated\">\n\t\t\t\t\t\t<div class=\"elementor-element elementor-element-50cbdc6 elementor-widget elementor-widget-image\" data-id=\"50cbdc6\" data-element_type=\"widget\" data-widget_type=\"image.default\">\n\t\t\t\t<div class=\"elementor-widget-container\">\n\t\t\t\t\t\t\t\t\t\t\t\t\t\t\t<img fetchpriority=\"high\" decoding=\"async\" width=\"300\" height=\"300\" src=\"https:\/\/ulloacompany.com\/wp-content\/uploads\/2021\/08\/cashapp.jpg\" class=\"attachment-large size-large wp-image-4224\" alt=\"cashapp\" srcset=\"https:\/\/ulloacompany.com\/wp-content\/uploads\/2021\/08\/cashapp.jpg 300w, https:\/\/ulloacompany.com\/wp-content\/uploads\/2021\/08\/cashapp-150x150.jpg 150w\" sizes=\"(max-width: 300px) 100vw, 300px\" \/>\t\t\t\t\t\t\t\t\t\t\t\t\t\t\t<\/div>\n\t\t\t\t<\/div>\n\t\t\t\t\t<\/div>\n\t\t<\/div>\n\t\t\t\t<div class=\"elementor-column elementor-col-33 elementor-top-column elementor-element elementor-element-7b59764\" data-id=\"7b59764\" data-element_type=\"column\">\n\t\t\t<div class=\"elementor-widget-wrap elementor-element-populated\">\n\t\t\t\t\t\t<div class=\"elementor-element elementor-element-fa63f2e elementor-widget elementor-widget-image\" data-id=\"fa63f2e\" data-element_type=\"widget\" data-widget_type=\"image.default\">\n\t\t\t\t<div class=\"elementor-widget-container\">\n\t\t\t\t\t\t\t\t\t\t\t\t\t\t\t<img decoding=\"async\" width=\"300\" height=\"300\" src=\"https:\/\/ulloacompany.com\/wp-content\/uploads\/2023\/01\/osiel-vemmo.jpg\" class=\"attachment-large size-large wp-image-5609\" alt=\"venmo\" srcset=\"https:\/\/ulloacompany.com\/wp-content\/uploads\/2023\/01\/osiel-vemmo.jpg 300w, https:\/\/ulloacompany.com\/wp-content\/uploads\/2023\/01\/osiel-vemmo-150x150.jpg 150w\" sizes=\"(max-width: 300px) 100vw, 300px\" \/>\t\t\t\t\t\t\t\t\t\t\t\t\t\t\t<\/div>\n\t\t\t\t<\/div>\n\t\t\t\t\t<\/div>\n\t\t<\/div>\n\t\t\t\t<div class=\"elementor-column elementor-col-33 elementor-top-column elementor-element elementor-element-55e9b3e\" data-id=\"55e9b3e\" data-element_type=\"column\">\n\t\t\t<div class=\"elementor-widget-wrap elementor-element-populated\">\n\t\t\t\t\t\t<div class=\"elementor-element elementor-element-5cf8c05 elementor-widget elementor-widget-image\" data-id=\"5cf8c05\" data-element_type=\"widget\" data-widget_type=\"image.default\">\n\t\t\t\t<div class=\"elementor-widget-container\">\n\t\t\t\t\t\t\t\t\t\t\t\t\t\t\t<img decoding=\"async\" width=\"300\" height=\"300\" src=\"https:\/\/ulloacompany.com\/wp-content\/uploads\/2022\/02\/zelle.png\" class=\"attachment-large size-large wp-image-5505\" alt=\"\" srcset=\"https:\/\/ulloacompany.com\/wp-content\/uploads\/2022\/02\/zelle.png 300w, https:\/\/ulloacompany.com\/wp-content\/uploads\/2022\/02\/zelle-150x150.png 150w\" sizes=\"(max-width: 300px) 100vw, 300px\" \/>\t\t\t\t\t\t\t\t\t\t\t\t\t\t\t<\/div>\n\t\t\t\t<\/div>\n\t\t\t\t\t<\/div>\n\t\t<\/div>\n\t\t\t\t\t<\/div>\n\t\t<\/section>\n\t\t\t\t<section class=\"elementor-section elementor-top-section elementor-element elementor-element-6070179 elementor-section-boxed elementor-section-height-default elementor-section-height-default\" data-id=\"6070179\" data-element_type=\"section\">\n\t\t\t\t\t\t<div class=\"elementor-container elementor-column-gap-default\">\n\t\t\t\t\t<div class=\"elementor-column elementor-col-100 elementor-top-column elementor-element elementor-element-d2ab01a\" data-id=\"d2ab01a\" data-element_type=\"column\">\n\t\t\t<div class=\"elementor-widget-wrap elementor-element-populated\">\n\t\t\t\t\t\t<div class=\"elementor-element elementor-element-2d49473 elementor-widget elementor-widget-heading\" data-id=\"2d49473\" data-element_type=\"widget\" data-widget_type=\"heading.default\">\n\t\t\t\t<div class=\"elementor-widget-container\">\n\t\t\t\t\t<h3 class=\"elementor-heading-title elementor-size-default\">Pagar en la Web<\/h3>\t\t\t\t<\/div>\n\t\t\t\t<\/div>\n\t\t\t\t\t<\/div>\n\t\t<\/div>\n\t\t\t\t\t<\/div>\n\t\t<\/section>\n\t\t\t\t<section class=\"elementor-section elementor-top-section elementor-element elementor-element-0e8ce62 elementor-section-boxed elementor-section-height-default elementor-section-height-default\" data-id=\"0e8ce62\" data-element_type=\"section\">\n\t\t\t\t\t\t<div class=\"elementor-container elementor-column-gap-default\">\n\t\t\t\t\t<div class=\"elementor-column elementor-col-50 elementor-top-column elementor-element elementor-element-9f18115\" data-id=\"9f18115\" data-element_type=\"column\">\n\t\t\t<div class=\"elementor-widget-wrap elementor-element-populated\">\n\t\t\t\t\t\t<div class=\"elementor-element elementor-element-3ceb682 elementor-widget elementor-widget-text-editor\" data-id=\"3ceb682\" data-element_type=\"widget\" data-widget_type=\"text-editor.default\">\n\t\t\t\t<div class=\"elementor-widget-container\">\n\t\t\t\t\t\t\t\t\t<p>Utilice el siguiente formulario para pagar de forma segura a trav\u00e9s de PayPal.<br \/>La mayor\u00eda de las tarjetas de cr\u00e9dito son aceptadas.<br \/><strong>TENGA EN CUENTA<\/strong> que se agregar\u00e1 un 3.5% al monto final de la tarifa de procesamiento de la tarjeta de cr\u00e9dito.<\/p>\t\t\t\t\t\t\t\t<\/div>\n\t\t\t\t<\/div>\n\t\t\t\t<div class=\"elementor-element elementor-element-748d7a4 elementor-widget elementor-widget-image\" data-id=\"748d7a4\" data-element_type=\"widget\" data-widget_type=\"image.default\">\n\t\t\t\t<div class=\"elementor-widget-container\">\n\t\t\t\t\t\t\t\t\t\t\t\t\t\t\t<img loading=\"lazy\" decoding=\"async\" width=\"245\" height=\"72\" src=\"https:\/\/ulloacompany.com\/wp-content\/uploads\/2021\/05\/paypal.png\" class=\"attachment-large size-large wp-image-3013\" alt=\"\" \/>\t\t\t\t\t\t\t\t\t\t\t\t\t\t\t<\/div>\n\t\t\t\t<\/div>\n\t\t\t\t<div class=\"elementor-element elementor-element-2bda0c8 elementor-widget elementor-widget-text-editor\" data-id=\"2bda0c8\" data-element_type=\"widget\" data-widget_type=\"text-editor.default\">\n\t\t\t\t<div class=\"elementor-widget-container\">\n\t\t\t\t\t\t\t\t\t<p>Si tiene alguna pregunta, comentario o inquietud, visite la p\u00e1gina de <a href=\"https:\/\/ulloacompany.com\/contacto\/?lang=es\">contacto<\/a>.<\/p>\t\t\t\t\t\t\t\t<\/div>\n\t\t\t\t<\/div>\n\t\t\t\t\t<\/div>\n\t\t<\/div>\n\t\t\t\t<div class=\"elementor-column elementor-col-50 elementor-top-column elementor-element elementor-element-976b3f5\" data-id=\"976b3f5\" data-element_type=\"column\">\n\t\t\t<div class=\"elementor-widget-wrap elementor-element-populated\">\n\t\t\t\t\t\t<div class=\"elementor-element elementor-element-a750fa7 elementor-widget elementor-widget-shortcode\" data-id=\"a750fa7\" data-element_type=\"widget\" data-widget_type=\"shortcode.default\">\n\t\t\t\t<div class=\"elementor-widget-container\">\n\t\t\t\t\t\t\t<div class=\"elementor-shortcode\"><div class=\"qpp-style ulloacompanypaypal\"><div id=\"plain\"><form id=\"frmPaymentulloacompanypaypal\" method=\"post\" action=\"\"><h2 id=\"qpp_reload\" class=\"qpp-header\">Payment Form<\/h2><p class=\"qpp-blurb\">Enter the payment details and submit<\/p><input type='hidden' name='sc[form]' value='ulloacompanypaypal' \/><input type='hidden' name='sc[post]' value='4560' \/><input type=\"hidden\" name=\"form_id\" value=\"ulloacompanypaypal\" \/><input type=\"hidden\" name=\"currencybefore\" value=\"&#x24;\" \/><input type=\"hidden\" name=\"currencyafter\" value=\"\" \/><input type=\"hidden\" id=\"qpp_payment_nonce\" name=\"qpp_payment_nonce\" value=\"d471ff84dd\" \/><input type=\"hidden\" name=\"_wp_http_referer\" value=\"\/es\/wp-json\/wp\/v2\/pages\/4560\" \/><div class=\"qpp_nice_label qpp_label_blur\"><input type=\"text\" id=\"referenceulloacompanypaypal\" name=\"reference\" class=\"required\" value=\"\" placeholder=\"Payment reference\" \/><\/div><div class=\"qpp_nice_label qpp_label_blur\"><input type=\"text\" id=\"amountulloacompanypaypal\" name=\"amount\" class=\"required\" value=\"\" placeholder=\"Amount to pay\" \/><\/div><input type=\"hidden\" id=\"qppquantityulloacompanypaypal\" name=\"quantity\" value=\"1\"><input type=\"hidden\" name=\"couponapplied\" value=\"\" \/><input type=\"hidden\" id=\"qpptotal\" name=\"total\" \/><input type=\"hidden\" name=\"multiples\" value=\"\" \/><p class=\"submit pay-button\"><input type=\"submit\" value=\"Make Payment\" id=\"submit\" name=\"qppsubmitulloacompanypaypal\" \/><\/p><div id=\"qppchecking\">Validating payment information...<\/div><\/form>\r\t<div class='qpp-loading'>Waiting for PayPal...<\/div><div class='qpp-validating-form'>Validating payment information...<\/div><div class='qpp-processing-form'>Waiting for PayPal...<\/div><div style=\"clear:both\"><\/div><\/div><\/div>\r\t\t<\/div>\n\t\t\t\t\t\t<\/div>\n\t\t\t\t<\/div>\n\t\t\t\t\t<\/div>\n\t\t<\/div>\n\t\t\t\t\t<\/div>\n\t\t<\/section>\n\t\t\t\t<section class=\"elementor-section elementor-top-section elementor-element elementor-element-719d5cc elementor-section-full_width elementor-section-height-default elementor-section-height-default\" data-id=\"719d5cc\" data-element_type=\"section\" data-settings=\"{&quot;background_background&quot;:&quot;classic&quot;}\">\n\t\t\t\t\t\t<div class=\"elementor-container elementor-column-gap-default\">\n\t\t\t\t\t<div class=\"elementor-column elementor-col-100 elementor-top-column elementor-element elementor-element-7d0466b\" data-id=\"7d0466b\" data-element_type=\"column\">\n\t\t\t<div class=\"elementor-widget-wrap elementor-element-populated\">\n\t\t\t\t\t\t<div class=\"elementor-element elementor-element-2d9ee04 elementor-widget elementor-widget-heading\" data-id=\"2d9ee04\" data-element_type=\"widget\" data-widget_type=\"heading.default\">\n\t\t\t\t<div class=\"elementor-widget-container\">\n\t\t\t\t\t<h2 class=\"elementor-heading-title elementor-size-default\">\u00a1Nuestro equipo est\u00e1 listo para ayudarlo!\n<\/h2>\t\t\t\t<\/div>\n\t\t\t\t<\/div>\n\t\t\t\t<div class=\"elementor-element elementor-element-d880831 elementor-widget elementor-widget-text-editor\" data-id=\"d880831\" data-element_type=\"widget\" data-widget_type=\"text-editor.default\">\n\t\t\t\t<div class=\"elementor-widget-container\">\n\t\t\t\t\t\t\t\t\t<p>\u00bfTiene preguntas sobre sus impuestos?<\/p>\t\t\t\t\t\t\t\t<\/div>\n\t\t\t\t<\/div>\n\t\t\t\t<div class=\"elementor-element elementor-element-6b12bcc elementor-align-center elementor-widget elementor-widget-button\" data-id=\"6b12bcc\" data-element_type=\"widget\" data-widget_type=\"button.default\">\n\t\t\t\t<div class=\"elementor-widget-container\">\n\t\t\t\t\t\t\t\t\t<div class=\"elementor-button-wrapper\">\n\t\t\t\t\t<a class=\"elementor-button elementor-button-link elementor-size-md\" href=\"\/es\/contacto\/\">\n\t\t\t\t\t\t<span class=\"elementor-button-content-wrapper\">\n\t\t\t\t\t\t\t\t\t<span class=\"elementor-button-text\">\u00a1Ponte en contacto con nosotros!<\/span>\n\t\t\t\t\t<\/span>\n\t\t\t\t\t<\/a>\n\t\t\t\t<\/div>\n\t\t\t\t\t\t\t\t<\/div>\n\t\t\t\t<\/div>\n\t\t\t\t\t<\/div>\n\t\t<\/div>\n\t\t\t\t\t<\/div>\n\t\t<\/section>\n\t\t\t\t<\/div>\n\t\t","protected":false},"excerpt":{"rendered":"<p>Realizar un pago Realizar un pago \u00a1Te lo ponemos f\u00e1cil! Amplias opciones de pago. Para su comodidad, simplemente elija escanear su mejor opci\u00f3n a continuaci\u00f3n. Pagar por tel\u00e9fono con la aplicaci\u00f3n Pagar en la Web Utilice el siguiente formulario para&#8230;<\/p>\n","protected":false},"author":1,"featured_media":4195,"parent":0,"menu_order":0,"comment_status":"closed","ping_status":"closed","template":"","meta":{"footnotes":""},"class_list":["post-4560","page","type-page","status-publish","has-post-thumbnail","hentry"],"yoast_head":"<!-- This site is optimized with the Yoast SEO plugin v27.4 - https:\/\/yoast.com\/product\/yoast-seo-wordpress\/ -->\n<title>Realizar un Pago - Ulloa &amp; Company PA<\/title>\n<meta name=\"robots\" content=\"index, follow, max-snippet:-1, max-image-preview:large, max-video-preview:-1\" \/>\n<link rel=\"canonical\" href=\"https:\/\/ulloacompany.com\/es\/realizar-un-pago\/\" \/>\n<meta property=\"og:locale\" content=\"es_ES\" \/>\n<meta property=\"og:type\" content=\"article\" \/>\n<meta property=\"og:title\" content=\"Realizar un Pago - Ulloa &amp; Company PA\" \/>\n<meta property=\"og:description\" content=\"Realizar un pago Realizar un pago \u00a1Te lo ponemos f\u00e1cil! Amplias opciones de pago. Para su comodidad, simplemente elija escanear su mejor opci\u00f3n a continuaci\u00f3n. Pagar por tel\u00e9fono con la aplicaci\u00f3n Pagar en la Web Utilice el siguiente formulario para...\" \/>\n<meta property=\"og:url\" content=\"https:\/\/ulloacompany.com\/es\/realizar-un-pago\/\" \/>\n<meta property=\"og:site_name\" content=\"Ulloa &amp; Company PA\" \/>\n<meta property=\"article:modified_time\" content=\"2025-11-17T17:04:13+00:00\" \/>\n<meta property=\"og:image\" content=\"https:\/\/ulloacompany.com\/wp-content\/uploads\/2021\/07\/shutterstock_1892640982_payment-scaled.jpg\" \/>\n\t<meta property=\"og:image:width\" content=\"2560\" \/>\n\t<meta property=\"og:image:height\" content=\"1707\" \/>\n\t<meta property=\"og:image:type\" content=\"image\/jpeg\" \/>\n<meta name=\"twitter:card\" content=\"summary_large_image\" \/>\n<meta name=\"twitter:label1\" content=\"Tiempo de lectura\" \/>\n\t<meta name=\"twitter:data1\" content=\"2 minutos\" \/>\n<script type=\"application\/ld+json\" class=\"yoast-schema-graph\">{\"@context\":\"https:\\\/\\\/schema.org\",\"@graph\":[{\"@type\":\"WebPage\",\"@id\":\"https:\\\/\\\/ulloacompany.com\\\/es\\\/realizar-un-pago\\\/\",\"url\":\"https:\\\/\\\/ulloacompany.com\\\/es\\\/realizar-un-pago\\\/\",\"name\":\"Realizar un Pago - Ulloa &amp; Company PA\",\"isPartOf\":{\"@id\":\"https:\\\/\\\/ulloacompany.com\\\/es\\\/#website\"},\"primaryImageOfPage\":{\"@id\":\"https:\\\/\\\/ulloacompany.com\\\/es\\\/realizar-un-pago\\\/#primaryimage\"},\"image\":{\"@id\":\"https:\\\/\\\/ulloacompany.com\\\/es\\\/realizar-un-pago\\\/#primaryimage\"},\"thumbnailUrl\":\"https:\\\/\\\/ulloacompany.com\\\/wp-content\\\/uploads\\\/2021\\\/07\\\/shutterstock_1892640982_payment-scaled.jpg\",\"datePublished\":\"2021-08-10T03:37:36+00:00\",\"dateModified\":\"2025-11-17T17:04:13+00:00\",\"breadcrumb\":{\"@id\":\"https:\\\/\\\/ulloacompany.com\\\/es\\\/realizar-un-pago\\\/#breadcrumb\"},\"inLanguage\":\"es\",\"potentialAction\":[{\"@type\":\"ReadAction\",\"target\":[\"https:\\\/\\\/ulloacompany.com\\\/es\\\/realizar-un-pago\\\/\"]}]},{\"@type\":\"ImageObject\",\"inLanguage\":\"es\",\"@id\":\"https:\\\/\\\/ulloacompany.com\\\/es\\\/realizar-un-pago\\\/#primaryimage\",\"url\":\"https:\\\/\\\/ulloacompany.com\\\/wp-content\\\/uploads\\\/2021\\\/07\\\/shutterstock_1892640982_payment-scaled.jpg\",\"contentUrl\":\"https:\\\/\\\/ulloacompany.com\\\/wp-content\\\/uploads\\\/2021\\\/07\\\/shutterstock_1892640982_payment-scaled.jpg\",\"width\":2560,\"height\":1707},{\"@type\":\"BreadcrumbList\",\"@id\":\"https:\\\/\\\/ulloacompany.com\\\/es\\\/realizar-un-pago\\\/#breadcrumb\",\"itemListElement\":[{\"@type\":\"ListItem\",\"position\":1,\"name\":\"Home\",\"item\":\"https:\\\/\\\/ulloacompany.com\\\/es\\\/\"},{\"@type\":\"ListItem\",\"position\":2,\"name\":\"Realizar un Pago\"}]},{\"@type\":\"WebSite\",\"@id\":\"https:\\\/\\\/ulloacompany.com\\\/es\\\/#website\",\"url\":\"https:\\\/\\\/ulloacompany.com\\\/es\\\/\",\"name\":\"Ulloa &amp; Company PA\",\"description\":\"Accounting &amp; Tax Services\",\"potentialAction\":[{\"@type\":\"SearchAction\",\"target\":{\"@type\":\"EntryPoint\",\"urlTemplate\":\"https:\\\/\\\/ulloacompany.com\\\/es\\\/?s={search_term_string}\"},\"query-input\":{\"@type\":\"PropertyValueSpecification\",\"valueRequired\":true,\"valueName\":\"search_term_string\"}}],\"inLanguage\":\"es\"}]}<\/script>\n<!-- \/ Yoast SEO plugin. -->","yoast_head_json":{"title":"Realizar un Pago - Ulloa &amp; Company PA","robots":{"index":"index","follow":"follow","max-snippet":"max-snippet:-1","max-image-preview":"max-image-preview:large","max-video-preview":"max-video-preview:-1"},"canonical":"https:\/\/ulloacompany.com\/es\/realizar-un-pago\/","og_locale":"es_ES","og_type":"article","og_title":"Realizar un Pago - Ulloa &amp; Company PA","og_description":"Realizar un pago Realizar un pago \u00a1Te lo ponemos f\u00e1cil! Amplias opciones de pago. Para su comodidad, simplemente elija escanear su mejor opci\u00f3n a continuaci\u00f3n. Pagar por tel\u00e9fono con la aplicaci\u00f3n Pagar en la Web Utilice el siguiente formulario para...","og_url":"https:\/\/ulloacompany.com\/es\/realizar-un-pago\/","og_site_name":"Ulloa &amp; Company PA","article_modified_time":"2025-11-17T17:04:13+00:00","og_image":[{"width":2560,"height":1707,"url":"https:\/\/ulloacompany.com\/wp-content\/uploads\/2021\/07\/shutterstock_1892640982_payment-scaled.jpg","type":"image\/jpeg"}],"twitter_card":"summary_large_image","twitter_misc":{"Tiempo de lectura":"2 minutos"},"schema":{"@context":"https:\/\/schema.org","@graph":[{"@type":"WebPage","@id":"https:\/\/ulloacompany.com\/es\/realizar-un-pago\/","url":"https:\/\/ulloacompany.com\/es\/realizar-un-pago\/","name":"Realizar un Pago - Ulloa &amp; Company PA","isPartOf":{"@id":"https:\/\/ulloacompany.com\/es\/#website"},"primaryImageOfPage":{"@id":"https:\/\/ulloacompany.com\/es\/realizar-un-pago\/#primaryimage"},"image":{"@id":"https:\/\/ulloacompany.com\/es\/realizar-un-pago\/#primaryimage"},"thumbnailUrl":"https:\/\/ulloacompany.com\/wp-content\/uploads\/2021\/07\/shutterstock_1892640982_payment-scaled.jpg","datePublished":"2021-08-10T03:37:36+00:00","dateModified":"2025-11-17T17:04:13+00:00","breadcrumb":{"@id":"https:\/\/ulloacompany.com\/es\/realizar-un-pago\/#breadcrumb"},"inLanguage":"es","potentialAction":[{"@type":"ReadAction","target":["https:\/\/ulloacompany.com\/es\/realizar-un-pago\/"]}]},{"@type":"ImageObject","inLanguage":"es","@id":"https:\/\/ulloacompany.com\/es\/realizar-un-pago\/#primaryimage","url":"https:\/\/ulloacompany.com\/wp-content\/uploads\/2021\/07\/shutterstock_1892640982_payment-scaled.jpg","contentUrl":"https:\/\/ulloacompany.com\/wp-content\/uploads\/2021\/07\/shutterstock_1892640982_payment-scaled.jpg","width":2560,"height":1707},{"@type":"BreadcrumbList","@id":"https:\/\/ulloacompany.com\/es\/realizar-un-pago\/#breadcrumb","itemListElement":[{"@type":"ListItem","position":1,"name":"Home","item":"https:\/\/ulloacompany.com\/es\/"},{"@type":"ListItem","position":2,"name":"Realizar un Pago"}]},{"@type":"WebSite","@id":"https:\/\/ulloacompany.com\/es\/#website","url":"https:\/\/ulloacompany.com\/es\/","name":"Ulloa &amp; Company PA","description":"Accounting &amp; Tax Services","potentialAction":[{"@type":"SearchAction","target":{"@type":"EntryPoint","urlTemplate":"https:\/\/ulloacompany.com\/es\/?s={search_term_string}"},"query-input":{"@type":"PropertyValueSpecification","valueRequired":true,"valueName":"search_term_string"}}],"inLanguage":"es"}]}},"post_mailing_queue_ids":[],"_links":{"self":[{"href":"https:\/\/ulloacompany.com\/es\/wp-json\/wp\/v2\/pages\/4560","targetHints":{"allow":["GET"]}}],"collection":[{"href":"https:\/\/ulloacompany.com\/es\/wp-json\/wp\/v2\/pages"}],"about":[{"href":"https:\/\/ulloacompany.com\/es\/wp-json\/wp\/v2\/types\/page"}],"author":[{"embeddable":true,"href":"https:\/\/ulloacompany.com\/es\/wp-json\/wp\/v2\/users\/1"}],"replies":[{"embeddable":true,"href":"https:\/\/ulloacompany.com\/es\/wp-json\/wp\/v2\/comments?post=4560"}],"version-history":[{"count":3,"href":"https:\/\/ulloacompany.com\/es\/wp-json\/wp\/v2\/pages\/4560\/revisions"}],"predecessor-version":[{"id":6556,"href":"https:\/\/ulloacompany.com\/es\/wp-json\/wp\/v2\/pages\/4560\/revisions\/6556"}],"wp:featuredmedia":[{"embeddable":true,"href":"https:\/\/ulloacompany.com\/es\/wp-json\/wp\/v2\/media\/4195"}],"wp:attachment":[{"href":"https:\/\/ulloacompany.com\/es\/wp-json\/wp\/v2\/media?parent=4560"}],"curies":[{"name":"wp","href":"https:\/\/api.w.org\/{rel}","templated":true}]}}