{"id":4323,"date":"2021-08-09T19:41:44","date_gmt":"2021-08-09T19:41:44","guid":{"rendered":"https:\/\/ulloacompany.com\/?page_id=4323"},"modified":"2026-01-16T20:33:59","modified_gmt":"2026-01-16T20:33:59","slug":"servicio-de-nomina","status":"publish","type":"page","link":"https:\/\/ulloacompany.com\/es\/servicio-de-nomina\/","title":{"rendered":"Servicio de N\u00f3mina"},"content":{"rendered":"\t\t<div data-elementor-type=\"wp-page\" data-elementor-id=\"4323\" class=\"elementor elementor-4323\" data-elementor-post-type=\"page\">\n\t\t\t\t\t\t<section class=\"elementor-section elementor-top-section elementor-element elementor-element-37e39e8 elementor-section-full_width elementor-section-height-default elementor-section-height-default\" data-id=\"37e39e8\" data-element_type=\"section\">\n\t\t\t\t\t\t<div class=\"elementor-container elementor-column-gap-no\">\n\t\t\t\t\t<div class=\"elementor-column elementor-col-100 elementor-top-column elementor-element elementor-element-f4d8123\" data-id=\"f4d8123\" data-element_type=\"column\">\n\t\t\t<div class=\"elementor-widget-wrap elementor-element-populated\">\n\t\t\t\t\t\t<div class=\"elementor-element elementor-element-51d949b elementor--h-position-center elementor--v-position-middle elementor-arrows-position-inside elementor-pagination-position-inside elementor-widget elementor-widget-slides\" data-id=\"51d949b\" data-element_type=\"widget\" data-settings=\"{&quot;transition&quot;:&quot;fade&quot;,&quot;navigation&quot;:&quot;both&quot;,&quot;transition_speed&quot;:500}\" data-widget_type=\"slides.default\">\n\t\t\t\t<div class=\"elementor-widget-container\">\n\t\t\t\t\t\t\t\t\t<div class=\"elementor-swiper\">\n\t\t\t\t\t<div class=\"elementor-slides-wrapper elementor-main-swiper swiper\" role=\"region\" aria-roledescription=\"carousel\" aria-label=\"Slides\" dir=\"ltr\" data-animation=\"fadeInUp\">\n\t\t\t\t<div class=\"swiper-wrapper elementor-slides\">\n\t\t\t\t\t\t\t\t\t\t<div class=\"elementor-repeater-item-6e0e306 swiper-slide\" role=\"group\" aria-roledescription=\"slide\"><div class=\"swiper-slide-bg\" role=\"img\" aria-label=\"Payroll\"><\/div><div class=\"elementor-background-overlay\"><\/div><div class=\"swiper-slide-inner\" ><div class=\"swiper-slide-contents\"><div class=\"elementor-slide-heading\">Servicio De N\u00f3mina<\/div><\/div><\/div><\/div>\t\t\t\t<\/div>\n\t\t\t\t\t\t\t<\/div>\n\t\t\t\t<\/div>\n\t\t\t\t\t\t\t\t<\/div>\n\t\t\t\t<\/div>\n\t\t\t\t\t<\/div>\n\t\t<\/div>\n\t\t\t\t\t<\/div>\n\t\t<\/section>\n\t\t\t\t<section class=\"elementor-section elementor-top-section elementor-element elementor-element-0f68b4d elementor-section-boxed elementor-section-height-default elementor-section-height-default\" data-id=\"0f68b4d\" data-element_type=\"section\">\n\t\t\t\t\t\t<div class=\"elementor-container elementor-column-gap-default\">\n\t\t\t\t\t<div class=\"elementor-column elementor-col-100 elementor-top-column elementor-element elementor-element-ba20551\" data-id=\"ba20551\" data-element_type=\"column\">\n\t\t\t<div class=\"elementor-widget-wrap elementor-element-populated\">\n\t\t\t\t\t\t<div class=\"elementor-element elementor-element-cbf6e2f elementor-widget elementor-widget-heading\" data-id=\"cbf6e2f\" data-element_type=\"widget\" data-widget_type=\"heading.default\">\n\t\t\t\t<div class=\"elementor-widget-container\">\n\t\t\t\t\t<h1 class=\"elementor-heading-title elementor-size-default\">Servicio De N\u00f3mina<\/h1>\t\t\t\t<\/div>\n\t\t\t\t<\/div>\n\t\t\t\t\t<\/div>\n\t\t<\/div>\n\t\t\t\t\t<\/div>\n\t\t<\/section>\n\t\t\t\t<section class=\"elementor-section elementor-top-section elementor-element elementor-element-561d0e4 elementor-section-boxed elementor-section-height-default elementor-section-height-default\" data-id=\"561d0e4\" data-element_type=\"section\">\n\t\t\t\t\t\t<div class=\"elementor-container elementor-column-gap-default\">\n\t\t\t\t\t<div class=\"elementor-column elementor-col-100 elementor-top-column elementor-element elementor-element-66e00ff\" data-id=\"66e00ff\" data-element_type=\"column\">\n\t\t\t<div class=\"elementor-widget-wrap elementor-element-populated\">\n\t\t\t\t\t\t<div class=\"elementor-element elementor-element-9f29835 elementor-widget elementor-widget-text-editor\" data-id=\"9f29835\" data-element_type=\"widget\" data-widget_type=\"text-editor.default\">\n\t\t\t\t<div class=\"elementor-widget-container\">\n\t\t\t\t\t\t\t\t\t<p>Con nuestro servicio de n\u00f3mina tendr\u00e1s todos tus pagos a tiempo organizados y con impuestos aplicados, de forma f\u00e1cil y segura. Las leyes federales, estatales y locales cambian constantemente, y las regulaciones fiscales hacen que la administraci\u00f3n de n\u00f3minas sea un desaf\u00edo continuo para los due\u00f1os de negocios. Nuestros profesionales de servicios de n\u00f3mina conocen bien estas leyes y regulaciones. Podemos alertarlo de manera proactiva sobre cambios materiales que afectar\u00e1n a su empresa y a sus empleados, al tiempo que mantenemos la n\u00f3mina funcionando sin problemas, sin importar cu\u00e1n grande pueda ser su empresa.<\/p>\t\t\t\t\t\t\t\t<\/div>\n\t\t\t\t<\/div>\n\t\t\t\t\t<\/div>\n\t\t<\/div>\n\t\t\t\t\t<\/div>\n\t\t<\/section>\n\t\t\t\t<section class=\"elementor-section elementor-top-section elementor-element elementor-element-284a4a0 elementor-section-full_width elementor-section-height-default elementor-section-height-default\" data-id=\"284a4a0\" data-element_type=\"section\" data-settings=\"{&quot;background_background&quot;:&quot;classic&quot;}\">\n\t\t\t\t\t\t<div class=\"elementor-container elementor-column-gap-default\">\n\t\t\t\t\t<div class=\"elementor-column elementor-col-100 elementor-top-column elementor-element elementor-element-079ef4e\" data-id=\"079ef4e\" data-element_type=\"column\">\n\t\t\t<div class=\"elementor-widget-wrap elementor-element-populated\">\n\t\t\t\t\t\t<div class=\"elementor-element elementor-element-dc1aa5e elementor-widget elementor-widget-heading\" data-id=\"dc1aa5e\" data-element_type=\"widget\" data-widget_type=\"heading.default\">\n\t\t\t\t<div class=\"elementor-widget-container\">\n\t\t\t\t\t<h2 class=\"elementor-heading-title elementor-size-default\">\u00a1Nuestro equipo est\u00e1 listo para ayudarlo!\n<\/h2>\t\t\t\t<\/div>\n\t\t\t\t<\/div>\n\t\t\t\t<div class=\"elementor-element elementor-element-6b5e4d6 elementor-widget elementor-widget-text-editor\" data-id=\"6b5e4d6\" data-element_type=\"widget\" data-widget_type=\"text-editor.default\">\n\t\t\t\t<div class=\"elementor-widget-container\">\n\t\t\t\t\t\t\t\t\t<p>\u00bfTiene preguntas sobre sus impuestos?<\/p>\t\t\t\t\t\t\t\t<\/div>\n\t\t\t\t<\/div>\n\t\t\t\t<div class=\"elementor-element elementor-element-95f3884 elementor-align-center elementor-widget elementor-widget-button\" data-id=\"95f3884\" data-element_type=\"widget\" data-widget_type=\"button.default\">\n\t\t\t\t<div class=\"elementor-widget-container\">\n\t\t\t\t\t\t\t\t\t<div class=\"elementor-button-wrapper\">\n\t\t\t\t\t<a class=\"elementor-button elementor-button-link elementor-size-md\" href=\"\/es\/contacto\/\">\n\t\t\t\t\t\t<span class=\"elementor-button-content-wrapper\">\n\t\t\t\t\t\t\t\t\t<span class=\"elementor-button-text\">\u00a1Ponte en contacto con nosotros!<\/span>\n\t\t\t\t\t<\/span>\n\t\t\t\t\t<\/a>\n\t\t\t\t<\/div>\n\t\t\t\t\t\t\t\t<\/div>\n\t\t\t\t<\/div>\n\t\t\t\t\t<\/div>\n\t\t<\/div>\n\t\t\t\t\t<\/div>\n\t\t<\/section>\n\t\t\t\t<\/div>\n\t\t","protected":false},"excerpt":{"rendered":"<p>Servicio De N\u00f3mina Servicio De N\u00f3mina Con nuestro servicio de n\u00f3mina tendr\u00e1s todos tus pagos a tiempo organizados y con impuestos aplicados, de forma f\u00e1cil y segura. Las leyes federales, estatales y locales cambian constantemente, y las regulaciones fiscales hacen&#8230;<\/p>\n","protected":false},"author":1,"featured_media":4205,"parent":0,"menu_order":0,"comment_status":"closed","ping_status":"closed","template":"","meta":{"footnotes":""},"class_list":["post-4323","page","type-page","status-publish","has-post-thumbnail","hentry"],"yoast_head":"<!-- This site is optimized with the Yoast SEO plugin v27.5 - https:\/\/yoast.com\/product\/yoast-seo-wordpress\/ -->\n<title>Servicio de N\u00f3mina - Ulloa &amp; Company PA<\/title>\n<meta name=\"robots\" content=\"index, follow, max-snippet:-1, max-image-preview:large, max-video-preview:-1\" \/>\n<link rel=\"canonical\" href=\"https:\/\/ulloacompany.com\/es\/servicio-de-nomina\/\" \/>\n<meta property=\"og:locale\" content=\"es_ES\" \/>\n<meta property=\"og:type\" content=\"article\" \/>\n<meta property=\"og:title\" content=\"Servicio de N\u00f3mina - Ulloa &amp; Company PA\" \/>\n<meta property=\"og:description\" content=\"Servicio De N\u00f3mina Servicio De N\u00f3mina Con nuestro servicio de n\u00f3mina tendr\u00e1s todos tus pagos a tiempo organizados y con impuestos aplicados, de forma f\u00e1cil y segura. Las leyes federales, estatales y locales cambian constantemente, y las regulaciones fiscales hacen...\" \/>\n<meta property=\"og:url\" content=\"https:\/\/ulloacompany.com\/es\/servicio-de-nomina\/\" \/>\n<meta property=\"og:site_name\" content=\"Ulloa &amp; Company PA\" \/>\n<meta property=\"article:modified_time\" content=\"2026-01-16T20:33:59+00:00\" \/>\n<meta property=\"og:image\" content=\"https:\/\/ulloacompany.com\/wp-content\/uploads\/2021\/08\/Payroll.jpg\" \/>\n\t<meta property=\"og:image:width\" content=\"1092\" \/>\n\t<meta property=\"og:image:height\" content=\"728\" \/>\n\t<meta property=\"og:image:type\" content=\"image\/jpeg\" \/>\n<meta name=\"twitter:card\" content=\"summary_large_image\" \/>\n<meta name=\"twitter:label1\" content=\"Tiempo de lectura\" \/>\n\t<meta name=\"twitter:data1\" content=\"1 minuto\" \/>\n<script type=\"application\/ld+json\" class=\"yoast-schema-graph\">{\"@context\":\"https:\\\/\\\/schema.org\",\"@graph\":[{\"@type\":\"WebPage\",\"@id\":\"https:\\\/\\\/ulloacompany.com\\\/es\\\/servicio-de-nomina\\\/\",\"url\":\"https:\\\/\\\/ulloacompany.com\\\/es\\\/servicio-de-nomina\\\/\",\"name\":\"Servicio de N\u00f3mina - Ulloa &amp; Company PA\",\"isPartOf\":{\"@id\":\"https:\\\/\\\/ulloacompany.com\\\/es\\\/#website\"},\"primaryImageOfPage\":{\"@id\":\"https:\\\/\\\/ulloacompany.com\\\/es\\\/servicio-de-nomina\\\/#primaryimage\"},\"image\":{\"@id\":\"https:\\\/\\\/ulloacompany.com\\\/es\\\/servicio-de-nomina\\\/#primaryimage\"},\"thumbnailUrl\":\"https:\\\/\\\/ulloacompany.com\\\/wp-content\\\/uploads\\\/2021\\\/08\\\/Payroll.jpg\",\"datePublished\":\"2021-08-09T19:41:44+00:00\",\"dateModified\":\"2026-01-16T20:33:59+00:00\",\"breadcrumb\":{\"@id\":\"https:\\\/\\\/ulloacompany.com\\\/es\\\/servicio-de-nomina\\\/#breadcrumb\"},\"inLanguage\":\"es\",\"potentialAction\":[{\"@type\":\"ReadAction\",\"target\":[\"https:\\\/\\\/ulloacompany.com\\\/es\\\/servicio-de-nomina\\\/\"]}]},{\"@type\":\"ImageObject\",\"inLanguage\":\"es\",\"@id\":\"https:\\\/\\\/ulloacompany.com\\\/es\\\/servicio-de-nomina\\\/#primaryimage\",\"url\":\"https:\\\/\\\/ulloacompany.com\\\/wp-content\\\/uploads\\\/2021\\\/08\\\/Payroll.jpg\",\"contentUrl\":\"https:\\\/\\\/ulloacompany.com\\\/wp-content\\\/uploads\\\/2021\\\/08\\\/Payroll.jpg\",\"width\":1092,\"height\":728,\"caption\":\"Payroll\"},{\"@type\":\"BreadcrumbList\",\"@id\":\"https:\\\/\\\/ulloacompany.com\\\/es\\\/servicio-de-nomina\\\/#breadcrumb\",\"itemListElement\":[{\"@type\":\"ListItem\",\"position\":1,\"name\":\"Home\",\"item\":\"https:\\\/\\\/ulloacompany.com\\\/es\\\/\"},{\"@type\":\"ListItem\",\"position\":2,\"name\":\"Servicio de N\u00f3mina\"}]},{\"@type\":\"WebSite\",\"@id\":\"https:\\\/\\\/ulloacompany.com\\\/es\\\/#website\",\"url\":\"https:\\\/\\\/ulloacompany.com\\\/es\\\/\",\"name\":\"Ulloa &amp; Company PA\",\"description\":\"Accounting &amp; Tax Services\",\"potentialAction\":[{\"@type\":\"SearchAction\",\"target\":{\"@type\":\"EntryPoint\",\"urlTemplate\":\"https:\\\/\\\/ulloacompany.com\\\/es\\\/?s={search_term_string}\"},\"query-input\":{\"@type\":\"PropertyValueSpecification\",\"valueRequired\":true,\"valueName\":\"search_term_string\"}}],\"inLanguage\":\"es\"}]}<\/script>\n<!-- \/ Yoast SEO plugin. -->","yoast_head_json":{"title":"Servicio de N\u00f3mina - Ulloa &amp; Company PA","robots":{"index":"index","follow":"follow","max-snippet":"max-snippet:-1","max-image-preview":"max-image-preview:large","max-video-preview":"max-video-preview:-1"},"canonical":"https:\/\/ulloacompany.com\/es\/servicio-de-nomina\/","og_locale":"es_ES","og_type":"article","og_title":"Servicio de N\u00f3mina - Ulloa &amp; Company PA","og_description":"Servicio De N\u00f3mina Servicio De N\u00f3mina Con nuestro servicio de n\u00f3mina tendr\u00e1s todos tus pagos a tiempo organizados y con impuestos aplicados, de forma f\u00e1cil y segura. Las leyes federales, estatales y locales cambian constantemente, y las regulaciones fiscales hacen...","og_url":"https:\/\/ulloacompany.com\/es\/servicio-de-nomina\/","og_site_name":"Ulloa &amp; Company PA","article_modified_time":"2026-01-16T20:33:59+00:00","og_image":[{"width":1092,"height":728,"url":"https:\/\/ulloacompany.com\/wp-content\/uploads\/2021\/08\/Payroll.jpg","type":"image\/jpeg"}],"twitter_card":"summary_large_image","twitter_misc":{"Tiempo de lectura":"1 minuto"},"schema":{"@context":"https:\/\/schema.org","@graph":[{"@type":"WebPage","@id":"https:\/\/ulloacompany.com\/es\/servicio-de-nomina\/","url":"https:\/\/ulloacompany.com\/es\/servicio-de-nomina\/","name":"Servicio de N\u00f3mina - Ulloa &amp; Company PA","isPartOf":{"@id":"https:\/\/ulloacompany.com\/es\/#website"},"primaryImageOfPage":{"@id":"https:\/\/ulloacompany.com\/es\/servicio-de-nomina\/#primaryimage"},"image":{"@id":"https:\/\/ulloacompany.com\/es\/servicio-de-nomina\/#primaryimage"},"thumbnailUrl":"https:\/\/ulloacompany.com\/wp-content\/uploads\/2021\/08\/Payroll.jpg","datePublished":"2021-08-09T19:41:44+00:00","dateModified":"2026-01-16T20:33:59+00:00","breadcrumb":{"@id":"https:\/\/ulloacompany.com\/es\/servicio-de-nomina\/#breadcrumb"},"inLanguage":"es","potentialAction":[{"@type":"ReadAction","target":["https:\/\/ulloacompany.com\/es\/servicio-de-nomina\/"]}]},{"@type":"ImageObject","inLanguage":"es","@id":"https:\/\/ulloacompany.com\/es\/servicio-de-nomina\/#primaryimage","url":"https:\/\/ulloacompany.com\/wp-content\/uploads\/2021\/08\/Payroll.jpg","contentUrl":"https:\/\/ulloacompany.com\/wp-content\/uploads\/2021\/08\/Payroll.jpg","width":1092,"height":728,"caption":"Payroll"},{"@type":"BreadcrumbList","@id":"https:\/\/ulloacompany.com\/es\/servicio-de-nomina\/#breadcrumb","itemListElement":[{"@type":"ListItem","position":1,"name":"Home","item":"https:\/\/ulloacompany.com\/es\/"},{"@type":"ListItem","position":2,"name":"Servicio de N\u00f3mina"}]},{"@type":"WebSite","@id":"https:\/\/ulloacompany.com\/es\/#website","url":"https:\/\/ulloacompany.com\/es\/","name":"Ulloa &amp; Company PA","description":"Accounting &amp; Tax Services","potentialAction":[{"@type":"SearchAction","target":{"@type":"EntryPoint","urlTemplate":"https:\/\/ulloacompany.com\/es\/?s={search_term_string}"},"query-input":{"@type":"PropertyValueSpecification","valueRequired":true,"valueName":"search_term_string"}}],"inLanguage":"es"}]}},"post_mailing_queue_ids":[],"_links":{"self":[{"href":"https:\/\/ulloacompany.com\/es\/wp-json\/wp\/v2\/pages\/4323","targetHints":{"allow":["GET"]}}],"collection":[{"href":"https:\/\/ulloacompany.com\/es\/wp-json\/wp\/v2\/pages"}],"about":[{"href":"https:\/\/ulloacompany.com\/es\/wp-json\/wp\/v2\/types\/page"}],"author":[{"embeddable":true,"href":"https:\/\/ulloacompany.com\/es\/wp-json\/wp\/v2\/users\/1"}],"replies":[{"embeddable":true,"href":"https:\/\/ulloacompany.com\/es\/wp-json\/wp\/v2\/comments?post=4323"}],"version-history":[{"count":3,"href":"https:\/\/ulloacompany.com\/es\/wp-json\/wp\/v2\/pages\/4323\/revisions"}],"predecessor-version":[{"id":6799,"href":"https:\/\/ulloacompany.com\/es\/wp-json\/wp\/v2\/pages\/4323\/revisions\/6799"}],"wp:featuredmedia":[{"embeddable":true,"href":"https:\/\/ulloacompany.com\/es\/wp-json\/wp\/v2\/media\/4205"}],"wp:attachment":[{"href":"https:\/\/ulloacompany.com\/es\/wp-json\/wp\/v2\/media?parent=4323"}],"curies":[{"name":"wp","href":"https:\/\/api.w.org\/{rel}","templated":true}]}}